{"id":668,"date":"2014-06-17T13:35:18","date_gmt":"2014-06-17T12:35:18","guid":{"rendered":"https:\/\/quanteviour.ch\/our-services\/conseils-portefeuille\/"},"modified":"2019-09-11T14:48:42","modified_gmt":"2019-09-11T13:48:42","slug":"conseils-portefeuille","status":"publish","type":"page","link":"https:\/\/quanteviour.ch\/en\/our-services\/conseils-portefeuille\/","title":{"rendered":"Systematic advices applied to portfolios"},"content":{"rendered":"<h3>This type of subscription is intended to professionals in the field of portfolio management and\/or investment funds.<\/h3>\n<p>We shall provide a continuous and systematic portfolio follow up.<br \/>\nYou will receive the recommendations arising from the real time tracking of our dashboard both on a strategic and tactical level.<\/p>\n<p>To illustrate the pratical results of this intense resources\u00a0 service, we propose to observe the evolution of the following UCITS Investment fund (Luxembourg law registred) :<\/p>\n<h3><strong>GMP BEHAVIOUR <\/strong>European Equities Fund (EUR)<\/h3>\n<ul>\n<li><a title=\"Factsheet\" href=\"http:\/\/www.activenf.ch\/reports\/behaviour\/2019\/Behaviour-August-2019-I.pdf\" target=\"_blank\"><span style=\"color: #000000;\"><span style=\"color: #000000;\">Fund monthly factsheet \u00a0 \u00a0 (pdf<\/span>)<\/span><\/a><\/li>\n<li><span style=\"color: #000000;\"><a title=\"Pr\u00e9sentation g\u00e9n\u00e9rale MFM Quanteviour\" href=\"https:\/\/quanteviour.ch\/wp-content\/uploads\/2019\/04\/GMPBEHAV_Pres_2019_04_ANG.pdf\" target=\"_blank\"><span style=\"color: #000000;\">Fund concept preseantation download (pdf<\/span><\/a>)<\/span><\/li>\n<li><span style=\"color: #000000;\"><a href=\"http:\/\/www.activenf.ch\/en\/\" target=\"_blank\"><span style=\"color: #000000;\">Link with Active Niche Fund Management SA<\/span><\/a><\/span><\/li>\n<\/ul>\n","protected":false},"excerpt":{"rendered":"<p>This type of subscription is intended to professionals in the field of portfolio management and\/or investment funds. We shall provide &#8230; <\/p>\n<p class=\"read-more-container\"><a title=\"Systematic advices applied to portfolios\" class=\"read-more button\" href=\"https:\/\/quanteviour.ch\/en\/our-services\/conseils-portefeuille\/#more-668\" aria-label=\"More on Systematic advices applied to portfolios\">Read more<\/a><\/p>\n","protected":false},"author":1,"featured_media":169,"parent":33,"menu_order":0,"comment_status":"closed","ping_status":"open","template":"","meta":{"inline_featured_image":false},"acf":[],"yoast_head":"<!-- This site is optimized with the Yoast SEO plugin v20.11 - https:\/\/yoast.com\/wordpress\/plugins\/seo\/ -->\n<title>Systematic advices applied to portfolios - Quanteviour<\/title>\n<meta name=\"robots\" content=\"index, follow, max-snippet:-1, max-image-preview:large, max-video-preview:-1\" \/>\n<link rel=\"canonical\" href=\"https:\/\/quanteviour.ch\/en\/our-services\/conseils-portefeuille\/\" \/>\n<meta property=\"og:locale\" content=\"en_US\" \/>\n<meta property=\"og:type\" content=\"article\" \/>\n<meta property=\"og:title\" content=\"Systematic advices applied to portfolios - Quanteviour\" \/>\n<meta property=\"og:description\" content=\"This type of subscription is intended to professionals in the field of portfolio management and\/or investment funds. We shall provide ... Read more\" \/>\n<meta property=\"og:url\" content=\"https:\/\/quanteviour.ch\/en\/our-services\/conseils-portefeuille\/\" \/>\n<meta property=\"og:site_name\" content=\"Quanteviour\" \/>\n<meta property=\"article:modified_time\" content=\"2019-09-11T13:48:42+00:00\" \/>\n<meta property=\"og:image\" content=\"https:\/\/quanteviour.ch\/wp-content\/uploads\/2013\/10\/image005.jpg\" \/>\n\t<meta property=\"og:image:width\" content=\"880\" \/>\n\t<meta property=\"og:image:height\" content=\"320\" \/>\n\t<meta property=\"og:image:type\" content=\"image\/jpeg\" \/>\n<script type=\"application\/ld+json\" class=\"yoast-schema-graph\">{\"@context\":\"https:\/\/schema.org\",\"@graph\":[{\"@type\":\"WebPage\",\"@id\":\"https:\/\/quanteviour.ch\/en\/our-services\/conseils-portefeuille\/\",\"url\":\"https:\/\/quanteviour.ch\/en\/our-services\/conseils-portefeuille\/\",\"name\":\"Systematic advices applied to portfolios - Quanteviour\",\"isPartOf\":{\"@id\":\"https:\/\/quanteviour.ch\/en\/#website\"},\"datePublished\":\"2014-06-17T12:35:18+00:00\",\"dateModified\":\"2019-09-11T13:48:42+00:00\",\"breadcrumb\":{\"@id\":\"https:\/\/quanteviour.ch\/en\/our-services\/conseils-portefeuille\/#breadcrumb\"},\"inLanguage\":\"en-US\",\"potentialAction\":[{\"@type\":\"ReadAction\",\"target\":[\"https:\/\/quanteviour.ch\/en\/our-services\/conseils-portefeuille\/\"]}]},{\"@type\":\"BreadcrumbList\",\"@id\":\"https:\/\/quanteviour.ch\/en\/our-services\/conseils-portefeuille\/#breadcrumb\",\"itemListElement\":[{\"@type\":\"ListItem\",\"position\":1,\"name\":\"Home\",\"item\":\"https:\/\/quanteviour.ch\/en\/\"},{\"@type\":\"ListItem\",\"position\":2,\"name\":\"Our Analysis\",\"item\":\"https:\/\/quanteviour.ch\/en\/our-services\/\"},{\"@type\":\"ListItem\",\"position\":3,\"name\":\"Systematic advices applied to portfolios\"}]},{\"@type\":\"WebSite\",\"@id\":\"https:\/\/quanteviour.ch\/en\/#website\",\"url\":\"https:\/\/quanteviour.ch\/en\/\",\"name\":\"Quanteviour\",\"description\":\"Financial strategy &amp; timing\",\"publisher\":{\"@id\":\"https:\/\/quanteviour.ch\/en\/#organization\"},\"potentialAction\":[{\"@type\":\"SearchAction\",\"target\":{\"@type\":\"EntryPoint\",\"urlTemplate\":\"https:\/\/quanteviour.ch\/en\/?s={search_term_string}\"},\"query-input\":\"required name=search_term_string\"}],\"inLanguage\":\"en-US\"},{\"@type\":\"Organization\",\"@id\":\"https:\/\/quanteviour.ch\/en\/#organization\",\"name\":\"Quanteviour SA\",\"url\":\"https:\/\/quanteviour.ch\/en\/\",\"logo\":{\"@type\":\"ImageObject\",\"inLanguage\":\"en-US\",\"@id\":\"https:\/\/quanteviour.ch\/en\/#\/schema\/logo\/image\/\",\"url\":\"https:\/\/quanteviour.ch\/wp-content\/uploads\/2013\/10\/Quanteviour-e1409828740964.png\",\"contentUrl\":\"https:\/\/quanteviour.ch\/wp-content\/uploads\/2013\/10\/Quanteviour-e1409828740964.png\",\"width\":283,\"height\":142,\"caption\":\"Quanteviour SA\"},\"image\":{\"@id\":\"https:\/\/quanteviour.ch\/en\/#\/schema\/logo\/image\/\"}}]}<\/script>\n<!-- \/ Yoast SEO plugin. -->","yoast_head_json":{"title":"Systematic advices applied to portfolios - Quanteviour","robots":{"index":"index","follow":"follow","max-snippet":"max-snippet:-1","max-image-preview":"max-image-preview:large","max-video-preview":"max-video-preview:-1"},"canonical":"https:\/\/quanteviour.ch\/en\/our-services\/conseils-portefeuille\/","og_locale":"en_US","og_type":"article","og_title":"Systematic advices applied to portfolios - Quanteviour","og_description":"This type of subscription is intended to professionals in the field of portfolio management and\/or investment funds. We shall provide ... Read more","og_url":"https:\/\/quanteviour.ch\/en\/our-services\/conseils-portefeuille\/","og_site_name":"Quanteviour","article_modified_time":"2019-09-11T13:48:42+00:00","og_image":[{"width":880,"height":320,"url":"https:\/\/quanteviour.ch\/wp-content\/uploads\/2013\/10\/image005.jpg","type":"image\/jpeg"}],"schema":{"@context":"https:\/\/schema.org","@graph":[{"@type":"WebPage","@id":"https:\/\/quanteviour.ch\/en\/our-services\/conseils-portefeuille\/","url":"https:\/\/quanteviour.ch\/en\/our-services\/conseils-portefeuille\/","name":"Systematic advices applied to portfolios - Quanteviour","isPartOf":{"@id":"https:\/\/quanteviour.ch\/en\/#website"},"datePublished":"2014-06-17T12:35:18+00:00","dateModified":"2019-09-11T13:48:42+00:00","breadcrumb":{"@id":"https:\/\/quanteviour.ch\/en\/our-services\/conseils-portefeuille\/#breadcrumb"},"inLanguage":"en-US","potentialAction":[{"@type":"ReadAction","target":["https:\/\/quanteviour.ch\/en\/our-services\/conseils-portefeuille\/"]}]},{"@type":"BreadcrumbList","@id":"https:\/\/quanteviour.ch\/en\/our-services\/conseils-portefeuille\/#breadcrumb","itemListElement":[{"@type":"ListItem","position":1,"name":"Home","item":"https:\/\/quanteviour.ch\/en\/"},{"@type":"ListItem","position":2,"name":"Our Analysis","item":"https:\/\/quanteviour.ch\/en\/our-services\/"},{"@type":"ListItem","position":3,"name":"Systematic advices applied to portfolios"}]},{"@type":"WebSite","@id":"https:\/\/quanteviour.ch\/en\/#website","url":"https:\/\/quanteviour.ch\/en\/","name":"Quanteviour","description":"Financial strategy &amp; timing","publisher":{"@id":"https:\/\/quanteviour.ch\/en\/#organization"},"potentialAction":[{"@type":"SearchAction","target":{"@type":"EntryPoint","urlTemplate":"https:\/\/quanteviour.ch\/en\/?s={search_term_string}"},"query-input":"required name=search_term_string"}],"inLanguage":"en-US"},{"@type":"Organization","@id":"https:\/\/quanteviour.ch\/en\/#organization","name":"Quanteviour SA","url":"https:\/\/quanteviour.ch\/en\/","logo":{"@type":"ImageObject","inLanguage":"en-US","@id":"https:\/\/quanteviour.ch\/en\/#\/schema\/logo\/image\/","url":"https:\/\/quanteviour.ch\/wp-content\/uploads\/2013\/10\/Quanteviour-e1409828740964.png","contentUrl":"https:\/\/quanteviour.ch\/wp-content\/uploads\/2013\/10\/Quanteviour-e1409828740964.png","width":283,"height":142,"caption":"Quanteviour SA"},"image":{"@id":"https:\/\/quanteviour.ch\/en\/#\/schema\/logo\/image\/"}}]}},"_links":{"self":[{"href":"https:\/\/quanteviour.ch\/en\/wp-json\/wp\/v2\/pages\/668"}],"collection":[{"href":"https:\/\/quanteviour.ch\/en\/wp-json\/wp\/v2\/pages"}],"about":[{"href":"https:\/\/quanteviour.ch\/en\/wp-json\/wp\/v2\/types\/page"}],"author":[{"embeddable":true,"href":"https:\/\/quanteviour.ch\/en\/wp-json\/wp\/v2\/users\/1"}],"replies":[{"embeddable":true,"href":"https:\/\/quanteviour.ch\/en\/wp-json\/wp\/v2\/comments?post=668"}],"version-history":[{"count":42,"href":"https:\/\/quanteviour.ch\/en\/wp-json\/wp\/v2\/pages\/668\/revisions"}],"predecessor-version":[{"id":4795,"href":"https:\/\/quanteviour.ch\/en\/wp-json\/wp\/v2\/pages\/668\/revisions\/4795"}],"up":[{"embeddable":true,"href":"https:\/\/quanteviour.ch\/en\/wp-json\/wp\/v2\/pages\/33"}],"wp:featuredmedia":[{"embeddable":true,"href":"https:\/\/quanteviour.ch\/en\/wp-json\/wp\/v2\/media\/169"}],"wp:attachment":[{"href":"https:\/\/quanteviour.ch\/en\/wp-json\/wp\/v2\/media?parent=668"}],"curies":[{"name":"wp","href":"https:\/\/api.w.org\/{rel}","templated":true}]}}