{"id":5482,"date":"2019-12-09T17:18:08","date_gmt":"2019-12-09T16:18:08","guid":{"rendered":"https:\/\/quanteviour.ch\/our-team\/"},"modified":"2025-01-27T18:33:35","modified_gmt":"2025-01-27T17:33:35","slug":"our-team","status":"publish","type":"page","link":"https:\/\/quanteviour.ch\/en\/our-team\/","title":{"rendered":"Our team"},"content":{"rendered":"<section class=\"wpb-content-wrapper\">[vc_row][vc_column width=&#8221;2\/3&#8243;][vc_column_text]Les collaborateurs de Quanteviour sont au b\u00e9n\u00e9fice de nombreuses ann\u00e9es d\u2019exp\u00e9rience dans les domaines les plus vari\u00e9s de la finance. Gr\u00e2ce \u00e0 une palette de comp\u00e9tences internes de tr\u00e8s haut niveau, Quanteviour est en mesure de d\u00e9livrer un conseil \u00e9tendu et un niveau d\u2019analyse \u00e0 la hauteur de ce que nos clients sont en droit d\u2019attendre.[\/vc_column_text][\/vc_column][vc_column width=&#8221;1\/3&#8243;][\/vc_column][\/vc_row][vc_row][vc_column width=&#8221;1\/3&#8243;]<div class=\"ult-team-member-wrap ult-style-1  \"><div class=\"ult-team-member-image\" style=\"\"> <img class=\"\" src=\"https:\/\/quanteviour.ch\/wp-content\/uploads\/2019\/12\/Barile-270x160px.png\" alt=\"null\"  style=\"\"><span class=\"ult-team-member-image-overlay \"  ><\/span><\/div><div class=\"ult-team-member-bio-wrap style-1 ultimate-heading69e4c31338e4b\" style=\"text-align:left;; \"><div class=\"ult-team-member-name-wrap\"><h2 class=\"ult-team-member-name ult-responsive\"  data-ultimate-target='.ult-team-member-bio-wrap.ultimate-heading69e4c31338e4b .ult-team-member-name'  data-responsive-json-new='{\"font-size\":\"\",\"line-height\":\"\"}'  style=\"\">Nicolas Barile<\/h2><div class=\"ult-team-member-position ult-responsive\"  data-ultimate-target='.ult-team-member-bio-wrap.ultimate-heading69e4c31338e4b .ult-team-member-position'  data-responsive-json-new='{\"font-size\":\"\",\"line-height\":\"\"}'  style=\"\">Pr\u00e9sident et Directeur<\/div><div class=\"ult-team-member-description ult-responsive\"  data-ultimate-target='.ult-team-member-bio-wrap.ultimate-heading69e4c31338e4b .ult-team-member-description'  data-responsive-json-new='{\"font-size\":\"\",\"line-height\":\"\"}'  style=\"\"><p>Titulaire d\u2019une licence en gestion d\u2019entreprise de l\u2019Universit\u00e9 de Lausanne (\u2009HEC\u2009) obtenu en 1988 et d\u2019un dipl\u00f4me postgrade en Investment Banking de la Soci\u00e9t\u00e9 de Banque Suisse \u00e0 Londres en 1991.<\/p>\n<p>Apr\u00e8s une formation all-round de 1988 \u00e0 1991, il est responsable du suivi d\u2019une client\u00e8le de g\u00e9rants de fortunes et d\u2019institutionnels ainsi que du conseil strat\u00e9gique li\u00e9 \u00e0 l\u2019utilisation des produits d\u00e9riv\u00e9s \u00e0 la SBS \u00e0 Lausanne. De 1994 \u00e0 2004, il rejoindra successivement deux soci\u00e9t\u00e9s de gestion ind\u00e9pendantes en qualit\u00e9 de g\u00e9rant de fortune et de responsable de la politique d\u2019investissement. Nicolas Barile a d\u00e9velopp\u00e9 son propre mod\u00e8le d\u2019analyse financi\u00e8re fond\u00e9 sur la finance comportementale:\u2009 Quanteviour.<\/p>\n<p>Il intervient par ailleurs r\u00e9guli\u00e8rement en tant que r\u00e9dacteur dans la presse financi\u00e8re. Nicolas Barile est pr\u00e9sident et directeur de Quanteviour SA.<\/p><\/div><div style=\"margin-bottom:15px\"><\/div><\/div><\/div><\/div>[\/vc_column][vc_column width=&#8221;1\/3&#8243;]<div class=\"ult-team-member-wrap ult-style-1  \"><div class=\"ult-team-member-image\" style=\"\"> <img class=\"\" src=\"https:\/\/quanteviour.ch\/wp-content\/uploads\/2019\/12\/Michel-Schaefer.jpg\" alt=\"null\"  style=\"\"><span class=\"ult-team-member-image-overlay \"  ><\/span><\/div><div class=\"ult-team-member-bio-wrap style-1 ultimate-heading69e4c31339139\" style=\"text-align:left;; \"><div class=\"ult-team-member-name-wrap\"><h2 class=\"ult-team-member-name ult-responsive\"  data-ultimate-target='.ult-team-member-bio-wrap.ultimate-heading69e4c31339139 .ult-team-member-name'  data-responsive-json-new='{\"font-size\":\"\",\"line-height\":\"\"}'  style=\"\">Michel Schaefer<\/h2><div class=\"ult-team-member-position ult-responsive\"  data-ultimate-target='.ult-team-member-bio-wrap.ultimate-heading69e4c31339139 .ult-team-member-position'  data-responsive-json-new='{\"font-size\":\"\",\"line-height\":\"\"}'  style=\"\">Administrateur et Directeur<\/div><div class=\"ult-team-member-description ult-responsive\"  data-ultimate-target='.ult-team-member-bio-wrap.ultimate-heading69e4c31339139 .ult-team-member-description'  data-responsive-json-new='{\"font-size\":\"\",\"line-height\":\"\"}'  style=\"\"><p>Titulaire d\u2019un dipl\u00f4me d\u2019\u00e9tudes commerciales, d\u2019un CFC bancaire aupr\u00e8s de la Banque Galland &amp; Cie SA et d\u2019un dipl\u00f4me d\u2019op\u00e9rateur en bourse et d\u2019analyse financi\u00e8re. Il a, de plus, effectu\u00e9 un stage de formation en Finance (\u2009FIAT\u2009) aupr\u00e8s d\u2019UBS SA et assum\u00e9 la responsabilit\u00e9 de\u00a0 gestionnaire pour la client\u00e8le institutionnelle aupr\u00e8s du Cr\u00e9dit Suisse \u00e0 Lausanne.<\/p>\n<p>De 1992 \u00e0 1995, il assiste la Direction de la soci\u00e9t\u00e9\u00a0 De Rham Finances SA o\u00f9 il est en charge de la gestion financi\u00e8re du groupe et de l\u2019organisation de deux \u00e9missions de parts du Fonds de placement immobilier Solvalor 61.<\/p>\n<p>Apr\u00e8s avoir \u00e9t\u00e9 g\u00e9rant de fortunes\u00a0 dans une soci\u00e9t\u00e9 de gestion ind\u00e9pendante de 1995 \u00e0 2004, il est actuellement administrateur et directeur de Quanteviour SA.<\/p><\/div><div style=\"margin-bottom:15px\"><\/div><\/div><\/div><\/div>[\/vc_column][vc_column width=&#8221;1\/3&#8243;]<div class=\"ult-team-member-wrap ult-style-1  \"><div class=\"ult-team-member-image\" style=\"\"> <img class=\"\" src=\"https:\/\/quanteviour.ch\/wp-content\/uploads\/2019\/12\/Pascal-Huetzener.jpg\" alt=\"null\"  style=\"\"><span class=\"ult-team-member-image-overlay \"  ><\/span><\/div><div class=\"ult-team-member-bio-wrap style-1 ultimate-heading69e4c31339367\" style=\"text-align:left;; \"><div class=\"ult-team-member-name-wrap\"><h2 class=\"ult-team-member-name ult-responsive\"  data-ultimate-target='.ult-team-member-bio-wrap.ultimate-heading69e4c31339367 .ult-team-member-name'  data-responsive-json-new='{\"font-size\":\"\",\"line-height\":\"\"}'  style=\"\">Pascal Huetzener<\/h2><div class=\"ult-team-member-position ult-responsive\"  data-ultimate-target='.ult-team-member-bio-wrap.ultimate-heading69e4c31339367 .ult-team-member-position'  data-responsive-json-new='{\"font-size\":\"\",\"line-height\":\"\"}'  style=\"\">G\u00e9rant et Sous-Directeur<\/div><div class=\"ult-team-member-description ult-responsive\"  data-ultimate-target='.ult-team-member-bio-wrap.ultimate-heading69e4c31339367 .ult-team-member-description'  data-responsive-json-new='{\"font-size\":\"\",\"line-height\":\"\"}'  style=\"\"><p>Titulaire d\u2019une licence en gestion d\u2019entreprise de l\u2019Universit\u00e9 de Lausanne (HEC) obtenue en 1986, il dirige de 1988 \u00e0 1990 le service bourse de la Banque Vaudoise de Cr\u00e9dit \u00e0 Lausanne.<\/p>\n<p>En 1991 il devient responsable de la client\u00e8le Private Banking au Cr\u00e9dit Suisse \u00e0 Yverdon-Les-Bain. Puis de 1996 \u00e0 2015, il rejoindra successivement deux soci\u00e9t\u00e9s de gestion ind\u00e9pendantes en qualit\u00e9 de g\u00e9rant de fortune.<\/p><\/div><div style=\"margin-bottom:15px\"><\/div><\/div><\/div><\/div>[\/vc_column][\/vc_row][vc_row][vc_column width=&#8221;1\/3&#8243;]<div class=\"ult-team-member-wrap ult-style-1  \"><div class=\"ult-team-member-image\" style=\"\"> <img class=\"\" src=\"https:\/\/quanteviour.ch\/wp-content\/uploads\/2020\/01\/Antonio-Di-Sabato_270x160-1.jpg\" alt=\"null\"  style=\"\"><span class=\"ult-team-member-image-overlay \"  ><\/span><\/div><div class=\"ult-team-member-bio-wrap style-1 ultimate-heading69e4c313395b8\" style=\"text-align:left;; \"><div class=\"ult-team-member-name-wrap\"><h2 class=\"ult-team-member-name ult-responsive\"  data-ultimate-target='.ult-team-member-bio-wrap.ultimate-heading69e4c313395b8 .ult-team-member-name'  data-responsive-json-new='{\"font-size\":\"\",\"line-height\":\"\"}'  style=\"\">Antonio Di Sabato<\/h2><div class=\"ult-team-member-position ult-responsive\"  data-ultimate-target='.ult-team-member-bio-wrap.ultimate-heading69e4c313395b8 .ult-team-member-position'  data-responsive-json-new='{\"font-size\":\"\",\"line-height\":\"\"}'  style=\"\">G\u00e9rant et Sous-Directeur<\/div><div class=\"ult-team-member-description ult-responsive\"  data-ultimate-target='.ult-team-member-bio-wrap.ultimate-heading69e4c313395b8 .ult-team-member-description'  data-responsive-json-new='{\"font-size\":\"\",\"line-height\":\"\"}'  style=\"\"><p>Titulaire d\u2019une licence en Sciences\u00a0 politiques de l\u2019Universit\u00e9 de Turin ( Italie ) et d\u2019un dipl\u00f4me\u00a0 postgrade\u00a0 en Etudes du d\u00e9veloppement\u00a0 de l\u2019 Universit\u00e9 de Gen\u00e8ve ( IUED\/ IHEID).<\/p>\n<p>Il d\u00e9bute sa carri\u00e8re professionnelle en 1995 \u00e0 la banque Soci\u00e9t\u00e9 G\u00e9n\u00e9rale Private Banking (Suisse) \u00e0 Lausanne o\u00f9 il y travaillera pendant 20 ans en qualit\u00e9 de CRM (Customer \u00a0Relationship\u00a0 Management) responsable \u00a0d\u2019une client\u00e8le priv\u00e9e internationale.<\/p>\n<p>Il perfectionne ses connaissances bancaires en suivant des cours d\u2019Expert en finance et investissement \u00e0 l\u2019 AZEK \u00a0(Centre de Formation des Professionnels de l\u2019 Investissement)<\/p>\n<p>Il rejoint Quanteviour SA en avril 2017 en qualit\u00e9 de g\u00e9rant de fortune.<\/p><\/div><div style=\"margin-bottom:15px\"><\/div><\/div><\/div><\/div>[\/vc_column][vc_column width=&#8221;1\/3&#8243;]<div class=\"ult-team-member-wrap ult-style-1  \"><div class=\"ult-team-member-image\" style=\"\"> <img class=\"\" src=\"https:\/\/quanteviour.ch\/wp-content\/uploads\/2019\/12\/Yvan-Sangiorgio-270x160px.png\" alt=\"null\"  style=\"\"><span class=\"ult-team-member-image-overlay \"  ><\/span><\/div><div class=\"ult-team-member-bio-wrap style-1 ultimate-heading69e4c31339806\" style=\"text-align:left;; \"><div class=\"ult-team-member-name-wrap\"><h2 class=\"ult-team-member-name ult-responsive\"  data-ultimate-target='.ult-team-member-bio-wrap.ultimate-heading69e4c31339806 .ult-team-member-name'  data-responsive-json-new='{\"font-size\":\"\",\"line-height\":\"\"}'  style=\"\">Yvan Sangiorgio<\/h2><div class=\"ult-team-member-position ult-responsive\"  data-ultimate-target='.ult-team-member-bio-wrap.ultimate-heading69e4c31339806 .ult-team-member-position'  data-responsive-json-new='{\"font-size\":\"\",\"line-height\":\"\"}'  style=\"\">Responsable pr\u00e9voyance<\/div><div class=\"ult-team-member-description ult-responsive\"  data-ultimate-target='.ult-team-member-bio-wrap.ultimate-heading69e4c31339806 .ult-team-member-description'  data-responsive-json-new='{\"font-size\":\"\",\"line-height\":\"\"}'  style=\"\"><p>Apr\u00e8s une formation commerciale de type CFC, Il rejoint la Zurich Assurance en 1994 o\u00f9 il gravit les \u00e9chelons pour devenir responsable de team et formateur.<\/p>\n<p>Il se sp\u00e9cialise dans les domaines de pr\u00e9voyance, financement hypoth\u00e9caires, instruments financiers et finalement conseil pour entreprises.<\/p>\n<p>En 2008, il rejoint Allianz en tant que conseiller pour entreprises et particuliers, sp\u00e9cialement dans le domaine du conseil financier. Au b\u00e9n\u00e9fice d\u2019une accr\u00e9ditation de la FINMA pour un conseil dans tous les domaines patrimoniaux.<\/p>\n<p>En 2019, il rejoint Quanteviour SA en tant que responsable clients \u00ab\u00a0Pr\u00e9voyance et finance\u00a0\u00bb.<\/p><\/div><div style=\"margin-bottom:15px\"><\/div><\/div><\/div><\/div>[\/vc_column][vc_column width=&#8221;1\/3&#8243;]<div class=\"ult-team-member-wrap ult-style-1  \"><div class=\"ult-team-member-image\" style=\"\"> <img class=\"\" src=\"https:\/\/quanteviour.ch\/wp-content\/uploads\/2025\/01\/LK_2025-e1737997759393.png\" alt=\"null\"  style=\"\"><span class=\"ult-team-member-image-overlay \"  ><\/span><\/div><div class=\"ult-team-member-bio-wrap style-1 ultimate-heading69e4c31339a78\" style=\"text-align:left;; \"><div class=\"ult-team-member-name-wrap\"><h2 class=\"ult-team-member-name ult-responsive\"  data-ultimate-target='.ult-team-member-bio-wrap.ultimate-heading69e4c31339a78 .ult-team-member-name'  data-responsive-json-new='{\"font-size\":\"\",\"line-height\":\"\"}'  style=\"\">Laurie Kaelin<\/h2><div class=\"ult-team-member-position ult-responsive\"  data-ultimate-target='.ult-team-member-bio-wrap.ultimate-heading69e4c31339a78 .ult-team-member-position'  data-responsive-json-new='{\"font-size\":\"\",\"line-height\":\"\"}'  style=\"\">Responsable administrative et compliance, Fond\u00e9e de pouvoir<\/div><div class=\"ult-team-member-description ult-responsive\"  data-ultimate-target='.ult-team-member-bio-wrap.ultimate-heading69e4c31339a78 .ult-team-member-description'  data-responsive-json-new='{\"font-size\":\"\",\"line-height\":\"\"}'  style=\"\"><p>\n<p style=\"text-align: left;\">Titulaire d\u2019une maturit\u00e9 professionnelle commerciale et b\u00e9n\u00e9ficiant de 15 ans d\u2019exp\u00e9rience dans le domaine bancaire acquise au sein de banques priv\u00e9es.<\/p>\n<p>Elle commence sa carri\u00e8re en 2007 chez Mirabaud &amp; Cie Gen\u00e8ve o\u00f9 durant sept ans elle effectue un tournus dans les diff\u00e9rents services du back office. Pendant un an, en d\u00e9tachement pour Mirabaud Middle East \u00e0 Dubai en tant qu\u2019employ\u00e9e Op\u00e9ration et Fichier central.<br \/>\nElle rejoint Edmond de Rothschild pour un poste au d\u00e9partement Compliance pendant deux ans.<\/p>\n<p>Par la suite, elle travaille pendant trois ans dans le service Client Data Management chez LGT Bank (Suisse) SA avant de s\u2019orienter au Front office en tant qu\u2019assistante de gestion jusqu\u2019en 2022.<\/p>\n<p>Elle rejoint Quanteviour SA en 2023 en tant que responsable administrative, compliance et contr\u00f4le risque<\/p>\n<p>&nbsp;<\/p>\n<p>&nbsp;<\/p>\n<p>&nbsp;<\/p>\n<p style=\"text-align: center;\">\n<\/p><\/div><div style=\"margin-bottom:15px\"><\/div><\/div><\/div><\/div>[\/vc_column][\/vc_row][vc_row][vc_column width=&#8221;1\/3&#8243;][\/vc_column][\/vc_row]\n<\/section>","protected":false},"excerpt":{"rendered":"<p>[vc_row][vc_column width=&#8221;2\/3&#8243;][vc_column_text]Les collaborateurs de Quanteviour sont au b\u00e9n\u00e9fice de nombreuses ann\u00e9es d\u2019exp\u00e9rience dans les domaines les plus vari\u00e9s de la &#8230; <\/p>\n<p class=\"read-more-container\"><a title=\"Our team\" class=\"read-more button\" href=\"https:\/\/quanteviour.ch\/en\/our-team\/#more-5482\" aria-label=\"More on Our team\">Read more<\/a><\/p>\n","protected":false},"author":1,"featured_media":5275,"parent":0,"menu_order":0,"comment_status":"closed","ping_status":"closed","template":"","meta":{"inline_featured_image":false},"acf":[],"yoast_head":"<!-- This site is optimized with the Yoast SEO plugin v20.11 - https:\/\/yoast.com\/wordpress\/plugins\/seo\/ -->\n<title>Our team - Quanteviour<\/title>\n<meta name=\"robots\" content=\"index, follow, max-snippet:-1, max-image-preview:large, max-video-preview:-1\" \/>\n<link rel=\"canonical\" href=\"https:\/\/quanteviour.ch\/en\/our-team\/\" \/>\n<meta property=\"og:locale\" content=\"en_US\" \/>\n<meta property=\"og:type\" content=\"article\" \/>\n<meta property=\"og:title\" content=\"Our team - Quanteviour\" \/>\n<meta property=\"og:description\" content=\"[vc_row][vc_column width=&#8221;2\/3&#8243;][vc_column_text]Les collaborateurs de Quanteviour sont au b\u00e9n\u00e9fice de nombreuses ann\u00e9es d\u2019exp\u00e9rience dans les domaines les plus vari\u00e9s de la ... Read more\" \/>\n<meta property=\"og:url\" content=\"https:\/\/quanteviour.ch\/en\/our-team\/\" \/>\n<meta property=\"og:site_name\" content=\"Quanteviour\" \/>\n<meta property=\"article:modified_time\" content=\"2025-01-27T17:33:35+00:00\" \/>\n<meta property=\"og:image\" content=\"https:\/\/quanteviour.ch\/wp-content\/uploads\/2019\/12\/sablier.png\" \/>\n\t<meta property=\"og:image:width\" content=\"1170\" \/>\n\t<meta property=\"og:image:height\" content=\"390\" \/>\n\t<meta property=\"og:image:type\" content=\"image\/png\" \/>\n<meta name=\"twitter:label1\" content=\"Est. reading time\" \/>\n\t<meta name=\"twitter:data1\" content=\"4 minutes\" \/>\n<script type=\"application\/ld+json\" class=\"yoast-schema-graph\">{\"@context\":\"https:\/\/schema.org\",\"@graph\":[{\"@type\":\"WebPage\",\"@id\":\"https:\/\/quanteviour.ch\/en\/our-team\/\",\"url\":\"https:\/\/quanteviour.ch\/en\/our-team\/\",\"name\":\"Our team - Quanteviour\",\"isPartOf\":{\"@id\":\"https:\/\/quanteviour.ch\/en\/#website\"},\"datePublished\":\"2019-12-09T16:18:08+00:00\",\"dateModified\":\"2025-01-27T17:33:35+00:00\",\"breadcrumb\":{\"@id\":\"https:\/\/quanteviour.ch\/en\/our-team\/#breadcrumb\"},\"inLanguage\":\"en-US\",\"potentialAction\":[{\"@type\":\"ReadAction\",\"target\":[\"https:\/\/quanteviour.ch\/en\/our-team\/\"]}]},{\"@type\":\"BreadcrumbList\",\"@id\":\"https:\/\/quanteviour.ch\/en\/our-team\/#breadcrumb\",\"itemListElement\":[{\"@type\":\"ListItem\",\"position\":1,\"name\":\"Home\",\"item\":\"https:\/\/quanteviour.ch\/en\/\"},{\"@type\":\"ListItem\",\"position\":2,\"name\":\"Our team\"}]},{\"@type\":\"WebSite\",\"@id\":\"https:\/\/quanteviour.ch\/en\/#website\",\"url\":\"https:\/\/quanteviour.ch\/en\/\",\"name\":\"Quanteviour\",\"description\":\"Financial strategy &amp; timing\",\"publisher\":{\"@id\":\"https:\/\/quanteviour.ch\/en\/#organization\"},\"potentialAction\":[{\"@type\":\"SearchAction\",\"target\":{\"@type\":\"EntryPoint\",\"urlTemplate\":\"https:\/\/quanteviour.ch\/en\/?s={search_term_string}\"},\"query-input\":\"required name=search_term_string\"}],\"inLanguage\":\"en-US\"},{\"@type\":\"Organization\",\"@id\":\"https:\/\/quanteviour.ch\/en\/#organization\",\"name\":\"Quanteviour SA\",\"url\":\"https:\/\/quanteviour.ch\/en\/\",\"logo\":{\"@type\":\"ImageObject\",\"inLanguage\":\"en-US\",\"@id\":\"https:\/\/quanteviour.ch\/en\/#\/schema\/logo\/image\/\",\"url\":\"https:\/\/quanteviour.ch\/wp-content\/uploads\/2013\/10\/Quanteviour-e1409828740964.png\",\"contentUrl\":\"https:\/\/quanteviour.ch\/wp-content\/uploads\/2013\/10\/Quanteviour-e1409828740964.png\",\"width\":283,\"height\":142,\"caption\":\"Quanteviour SA\"},\"image\":{\"@id\":\"https:\/\/quanteviour.ch\/en\/#\/schema\/logo\/image\/\"}}]}<\/script>\n<!-- \/ Yoast SEO plugin. -->","yoast_head_json":{"title":"Our team - Quanteviour","robots":{"index":"index","follow":"follow","max-snippet":"max-snippet:-1","max-image-preview":"max-image-preview:large","max-video-preview":"max-video-preview:-1"},"canonical":"https:\/\/quanteviour.ch\/en\/our-team\/","og_locale":"en_US","og_type":"article","og_title":"Our team - Quanteviour","og_description":"[vc_row][vc_column width=&#8221;2\/3&#8243;][vc_column_text]Les collaborateurs de Quanteviour sont au b\u00e9n\u00e9fice de nombreuses ann\u00e9es d\u2019exp\u00e9rience dans les domaines les plus vari\u00e9s de la ... Read more","og_url":"https:\/\/quanteviour.ch\/en\/our-team\/","og_site_name":"Quanteviour","article_modified_time":"2025-01-27T17:33:35+00:00","og_image":[{"width":1170,"height":390,"url":"https:\/\/quanteviour.ch\/wp-content\/uploads\/2019\/12\/sablier.png","type":"image\/png"}],"twitter_misc":{"Est. reading time":"4 minutes"},"schema":{"@context":"https:\/\/schema.org","@graph":[{"@type":"WebPage","@id":"https:\/\/quanteviour.ch\/en\/our-team\/","url":"https:\/\/quanteviour.ch\/en\/our-team\/","name":"Our team - Quanteviour","isPartOf":{"@id":"https:\/\/quanteviour.ch\/en\/#website"},"datePublished":"2019-12-09T16:18:08+00:00","dateModified":"2025-01-27T17:33:35+00:00","breadcrumb":{"@id":"https:\/\/quanteviour.ch\/en\/our-team\/#breadcrumb"},"inLanguage":"en-US","potentialAction":[{"@type":"ReadAction","target":["https:\/\/quanteviour.ch\/en\/our-team\/"]}]},{"@type":"BreadcrumbList","@id":"https:\/\/quanteviour.ch\/en\/our-team\/#breadcrumb","itemListElement":[{"@type":"ListItem","position":1,"name":"Home","item":"https:\/\/quanteviour.ch\/en\/"},{"@type":"ListItem","position":2,"name":"Our team"}]},{"@type":"WebSite","@id":"https:\/\/quanteviour.ch\/en\/#website","url":"https:\/\/quanteviour.ch\/en\/","name":"Quanteviour","description":"Financial strategy &amp; timing","publisher":{"@id":"https:\/\/quanteviour.ch\/en\/#organization"},"potentialAction":[{"@type":"SearchAction","target":{"@type":"EntryPoint","urlTemplate":"https:\/\/quanteviour.ch\/en\/?s={search_term_string}"},"query-input":"required name=search_term_string"}],"inLanguage":"en-US"},{"@type":"Organization","@id":"https:\/\/quanteviour.ch\/en\/#organization","name":"Quanteviour SA","url":"https:\/\/quanteviour.ch\/en\/","logo":{"@type":"ImageObject","inLanguage":"en-US","@id":"https:\/\/quanteviour.ch\/en\/#\/schema\/logo\/image\/","url":"https:\/\/quanteviour.ch\/wp-content\/uploads\/2013\/10\/Quanteviour-e1409828740964.png","contentUrl":"https:\/\/quanteviour.ch\/wp-content\/uploads\/2013\/10\/Quanteviour-e1409828740964.png","width":283,"height":142,"caption":"Quanteviour SA"},"image":{"@id":"https:\/\/quanteviour.ch\/en\/#\/schema\/logo\/image\/"}}]}},"_links":{"self":[{"href":"https:\/\/quanteviour.ch\/en\/wp-json\/wp\/v2\/pages\/5482"}],"collection":[{"href":"https:\/\/quanteviour.ch\/en\/wp-json\/wp\/v2\/pages"}],"about":[{"href":"https:\/\/quanteviour.ch\/en\/wp-json\/wp\/v2\/types\/page"}],"author":[{"embeddable":true,"href":"https:\/\/quanteviour.ch\/en\/wp-json\/wp\/v2\/users\/1"}],"replies":[{"embeddable":true,"href":"https:\/\/quanteviour.ch\/en\/wp-json\/wp\/v2\/comments?post=5482"}],"version-history":[{"count":10,"href":"https:\/\/quanteviour.ch\/en\/wp-json\/wp\/v2\/pages\/5482\/revisions"}],"predecessor-version":[{"id":7861,"href":"https:\/\/quanteviour.ch\/en\/wp-json\/wp\/v2\/pages\/5482\/revisions\/7861"}],"wp:featuredmedia":[{"embeddable":true,"href":"https:\/\/quanteviour.ch\/en\/wp-json\/wp\/v2\/media\/5275"}],"wp:attachment":[{"href":"https:\/\/quanteviour.ch\/en\/wp-json\/wp\/v2\/media?parent=5482"}],"curies":[{"name":"wp","href":"https:\/\/api.w.org\/{rel}","templated":true}]}}