{"id":5477,"date":"2019-12-09T17:09:52","date_gmt":"2019-12-09T16:09:52","guid":{"rendered":"https:\/\/quanteviour.ch\/des-services-adaptes-a-vos-besoins\/"},"modified":"2019-12-09T17:10:44","modified_gmt":"2019-12-09T16:10:44","slug":"des-services-adaptes-a-vos-besoins","status":"publish","type":"page","link":"https:\/\/quanteviour.ch\/en\/des-services-adaptes-a-vos-besoins\/","title":{"rendered":"Des services adapt\u00e9s \u00e0 vos besoins"},"content":{"rendered":"<section class=\"wpb-content-wrapper\">[vc_row][vc_column width=&#8221;1\/3&#8243;][vc_custom_heading text=&#8221;Une palette de comp\u00e9tences financi\u00e8res et patrimoniales&#8221; font_container=&#8221;tag:p|font_size:30|text_align:left|color:%23c0c0c0|line_height:1%2C1&#8243; use_theme_fonts=&#8221;yes&#8221;][\/vc_column][vc_column width=&#8221;2\/3&#8243;][vc_column_text]\n<h5>Quanteviour propose deux formules de prestations pour la client\u00e8le priv\u00e9e<\/h5>\n<h3>LA GESTION DISCR\u00c9TIONNAIRE<\/h3>\n<p>En choisissant le mandat de gestion discr\u00e9tionnaire, nos clients nous d\u00e9l\u00e8guent la gestion financi\u00e8re\u00a0de leurs avoirs d\u00e9pos\u00e9s aupr\u00e8s de banques d\u00e9positaires. Ce faisant, ils b\u00e9n\u00e9ficient de notre savoir-faire\u00a0tout en disposant d\u2019un contr\u00f4le direct et absolu sur leurs avoirs.<\/p>\n<h3>LA GESTION ASSIST\u00c9E<\/h3>\n<p>Cette variante offre la possibilit\u00e9, \u00e0 ceux de nos clients qui le souhaitent, de garder la main sur la gestion de leurs avoirs, tout en recourant \u00e0 nos conseils en mati\u00e8re de placement.<\/p>\n<p>Sur demande et en compl\u00e9ment des mandats sign\u00e9s, nos clients peuvent \u00e9galement b\u00e9n\u00e9ficier\u00a0des conseils de notre r\u00e9seau de prestataires de services professionnels dans le domaine immobilier,\u00a0successoral, juridique ou fiscal.[\/vc_column_text][\/vc_column][\/vc_row]\n<\/section>","protected":false},"excerpt":{"rendered":"<p>[vc_row][vc_column width=&#8221;1\/3&#8243;][vc_custom_heading text=&#8221;Une palette de comp\u00e9tences financi\u00e8res et patrimoniales&#8221; font_container=&#8221;tag:p|font_size:30|text_align:left|color:%23c0c0c0|line_height:1%2C1&#8243; use_theme_fonts=&#8221;yes&#8221;][\/vc_column][vc_column width=&#8221;2\/3&#8243;][vc_column_text] Quanteviour propose deux formules de prestations pour la &#8230; <\/p>\n<p class=\"read-more-container\"><a title=\"Des services adapt\u00e9s \u00e0 vos besoins\" class=\"read-more button\" href=\"https:\/\/quanteviour.ch\/en\/des-services-adaptes-a-vos-besoins\/#more-5477\" aria-label=\"More on Des services adapt\u00e9s \u00e0 vos besoins\">Read more<\/a><\/p>\n","protected":false},"author":1,"featured_media":5273,"parent":0,"menu_order":0,"comment_status":"closed","ping_status":"closed","template":"","meta":{"inline_featured_image":false},"acf":[],"yoast_head":"<!-- This site is optimized with the Yoast SEO plugin v20.11 - https:\/\/yoast.com\/wordpress\/plugins\/seo\/ -->\n<title>Des services adapt\u00e9s \u00e0 vos besoins - Quanteviour<\/title>\n<meta name=\"robots\" content=\"index, follow, max-snippet:-1, max-image-preview:large, max-video-preview:-1\" \/>\n<link rel=\"canonical\" href=\"https:\/\/quanteviour.ch\/en\/des-services-adaptes-a-vos-besoins\/\" \/>\n<meta property=\"og:locale\" content=\"en_US\" \/>\n<meta property=\"og:type\" content=\"article\" \/>\n<meta property=\"og:title\" content=\"Des services adapt\u00e9s \u00e0 vos besoins - Quanteviour\" \/>\n<meta property=\"og:description\" content=\"[vc_row][vc_column width=&#8221;1\/3&#8243;][vc_custom_heading text=&#8221;Une palette de comp\u00e9tences financi\u00e8res et patrimoniales&#8221; font_container=&#8221;tag:p|font_size:30|text_align:left|color:%23c0c0c0|line_height:1%2C1&#8243; use_theme_fonts=&#8221;yes&#8221;][\/vc_column][vc_column width=&#8221;2\/3&#8243;][vc_column_text] Quanteviour propose deux formules de prestations pour la ... Read more\" \/>\n<meta property=\"og:url\" content=\"https:\/\/quanteviour.ch\/en\/des-services-adaptes-a-vos-besoins\/\" \/>\n<meta property=\"og:site_name\" content=\"Quanteviour\" \/>\n<meta property=\"article:modified_time\" content=\"2019-12-09T16:10:44+00:00\" \/>\n<meta property=\"og:image\" content=\"https:\/\/quanteviour.ch\/wp-content\/uploads\/2019\/12\/montagnes.png\" \/>\n\t<meta property=\"og:image:width\" content=\"1170\" \/>\n\t<meta property=\"og:image:height\" content=\"390\" \/>\n\t<meta property=\"og:image:type\" content=\"image\/png\" \/>\n<meta name=\"twitter:label1\" content=\"Est. reading time\" \/>\n\t<meta name=\"twitter:data1\" content=\"1 minute\" \/>\n<script type=\"application\/ld+json\" class=\"yoast-schema-graph\">{\"@context\":\"https:\/\/schema.org\",\"@graph\":[{\"@type\":\"WebPage\",\"@id\":\"https:\/\/quanteviour.ch\/en\/des-services-adaptes-a-vos-besoins\/\",\"url\":\"https:\/\/quanteviour.ch\/en\/des-services-adaptes-a-vos-besoins\/\",\"name\":\"Des services adapt\u00e9s \u00e0 vos besoins - Quanteviour\",\"isPartOf\":{\"@id\":\"https:\/\/quanteviour.ch\/en\/#website\"},\"datePublished\":\"2019-12-09T16:09:52+00:00\",\"dateModified\":\"2019-12-09T16:10:44+00:00\",\"breadcrumb\":{\"@id\":\"https:\/\/quanteviour.ch\/en\/des-services-adaptes-a-vos-besoins\/#breadcrumb\"},\"inLanguage\":\"en-US\",\"potentialAction\":[{\"@type\":\"ReadAction\",\"target\":[\"https:\/\/quanteviour.ch\/en\/des-services-adaptes-a-vos-besoins\/\"]}]},{\"@type\":\"BreadcrumbList\",\"@id\":\"https:\/\/quanteviour.ch\/en\/des-services-adaptes-a-vos-besoins\/#breadcrumb\",\"itemListElement\":[{\"@type\":\"ListItem\",\"position\":1,\"name\":\"Home\",\"item\":\"https:\/\/quanteviour.ch\/en\/\"},{\"@type\":\"ListItem\",\"position\":2,\"name\":\"Des services adapt\u00e9s \u00e0 vos besoins\"}]},{\"@type\":\"WebSite\",\"@id\":\"https:\/\/quanteviour.ch\/en\/#website\",\"url\":\"https:\/\/quanteviour.ch\/en\/\",\"name\":\"Quanteviour\",\"description\":\"Financial strategy &amp; timing\",\"publisher\":{\"@id\":\"https:\/\/quanteviour.ch\/en\/#organization\"},\"potentialAction\":[{\"@type\":\"SearchAction\",\"target\":{\"@type\":\"EntryPoint\",\"urlTemplate\":\"https:\/\/quanteviour.ch\/en\/?s={search_term_string}\"},\"query-input\":\"required name=search_term_string\"}],\"inLanguage\":\"en-US\"},{\"@type\":\"Organization\",\"@id\":\"https:\/\/quanteviour.ch\/en\/#organization\",\"name\":\"Quanteviour SA\",\"url\":\"https:\/\/quanteviour.ch\/en\/\",\"logo\":{\"@type\":\"ImageObject\",\"inLanguage\":\"en-US\",\"@id\":\"https:\/\/quanteviour.ch\/en\/#\/schema\/logo\/image\/\",\"url\":\"https:\/\/quanteviour.ch\/wp-content\/uploads\/2013\/10\/Quanteviour-e1409828740964.png\",\"contentUrl\":\"https:\/\/quanteviour.ch\/wp-content\/uploads\/2013\/10\/Quanteviour-e1409828740964.png\",\"width\":283,\"height\":142,\"caption\":\"Quanteviour SA\"},\"image\":{\"@id\":\"https:\/\/quanteviour.ch\/en\/#\/schema\/logo\/image\/\"}}]}<\/script>\n<!-- \/ Yoast SEO plugin. -->","yoast_head_json":{"title":"Des services adapt\u00e9s \u00e0 vos besoins - Quanteviour","robots":{"index":"index","follow":"follow","max-snippet":"max-snippet:-1","max-image-preview":"max-image-preview:large","max-video-preview":"max-video-preview:-1"},"canonical":"https:\/\/quanteviour.ch\/en\/des-services-adaptes-a-vos-besoins\/","og_locale":"en_US","og_type":"article","og_title":"Des services adapt\u00e9s \u00e0 vos besoins - Quanteviour","og_description":"[vc_row][vc_column width=&#8221;1\/3&#8243;][vc_custom_heading text=&#8221;Une palette de comp\u00e9tences financi\u00e8res et patrimoniales&#8221; font_container=&#8221;tag:p|font_size:30|text_align:left|color:%23c0c0c0|line_height:1%2C1&#8243; use_theme_fonts=&#8221;yes&#8221;][\/vc_column][vc_column width=&#8221;2\/3&#8243;][vc_column_text] Quanteviour propose deux formules de prestations pour la ... Read more","og_url":"https:\/\/quanteviour.ch\/en\/des-services-adaptes-a-vos-besoins\/","og_site_name":"Quanteviour","article_modified_time":"2019-12-09T16:10:44+00:00","og_image":[{"width":1170,"height":390,"url":"https:\/\/quanteviour.ch\/wp-content\/uploads\/2019\/12\/montagnes.png","type":"image\/png"}],"twitter_misc":{"Est. reading time":"1 minute"},"schema":{"@context":"https:\/\/schema.org","@graph":[{"@type":"WebPage","@id":"https:\/\/quanteviour.ch\/en\/des-services-adaptes-a-vos-besoins\/","url":"https:\/\/quanteviour.ch\/en\/des-services-adaptes-a-vos-besoins\/","name":"Des services adapt\u00e9s \u00e0 vos besoins - Quanteviour","isPartOf":{"@id":"https:\/\/quanteviour.ch\/en\/#website"},"datePublished":"2019-12-09T16:09:52+00:00","dateModified":"2019-12-09T16:10:44+00:00","breadcrumb":{"@id":"https:\/\/quanteviour.ch\/en\/des-services-adaptes-a-vos-besoins\/#breadcrumb"},"inLanguage":"en-US","potentialAction":[{"@type":"ReadAction","target":["https:\/\/quanteviour.ch\/en\/des-services-adaptes-a-vos-besoins\/"]}]},{"@type":"BreadcrumbList","@id":"https:\/\/quanteviour.ch\/en\/des-services-adaptes-a-vos-besoins\/#breadcrumb","itemListElement":[{"@type":"ListItem","position":1,"name":"Home","item":"https:\/\/quanteviour.ch\/en\/"},{"@type":"ListItem","position":2,"name":"Des services adapt\u00e9s \u00e0 vos besoins"}]},{"@type":"WebSite","@id":"https:\/\/quanteviour.ch\/en\/#website","url":"https:\/\/quanteviour.ch\/en\/","name":"Quanteviour","description":"Financial strategy &amp; timing","publisher":{"@id":"https:\/\/quanteviour.ch\/en\/#organization"},"potentialAction":[{"@type":"SearchAction","target":{"@type":"EntryPoint","urlTemplate":"https:\/\/quanteviour.ch\/en\/?s={search_term_string}"},"query-input":"required name=search_term_string"}],"inLanguage":"en-US"},{"@type":"Organization","@id":"https:\/\/quanteviour.ch\/en\/#organization","name":"Quanteviour SA","url":"https:\/\/quanteviour.ch\/en\/","logo":{"@type":"ImageObject","inLanguage":"en-US","@id":"https:\/\/quanteviour.ch\/en\/#\/schema\/logo\/image\/","url":"https:\/\/quanteviour.ch\/wp-content\/uploads\/2013\/10\/Quanteviour-e1409828740964.png","contentUrl":"https:\/\/quanteviour.ch\/wp-content\/uploads\/2013\/10\/Quanteviour-e1409828740964.png","width":283,"height":142,"caption":"Quanteviour SA"},"image":{"@id":"https:\/\/quanteviour.ch\/en\/#\/schema\/logo\/image\/"}}]}},"_links":{"self":[{"href":"https:\/\/quanteviour.ch\/en\/wp-json\/wp\/v2\/pages\/5477"}],"collection":[{"href":"https:\/\/quanteviour.ch\/en\/wp-json\/wp\/v2\/pages"}],"about":[{"href":"https:\/\/quanteviour.ch\/en\/wp-json\/wp\/v2\/types\/page"}],"author":[{"embeddable":true,"href":"https:\/\/quanteviour.ch\/en\/wp-json\/wp\/v2\/users\/1"}],"replies":[{"embeddable":true,"href":"https:\/\/quanteviour.ch\/en\/wp-json\/wp\/v2\/comments?post=5477"}],"version-history":[{"count":1,"href":"https:\/\/quanteviour.ch\/en\/wp-json\/wp\/v2\/pages\/5477\/revisions"}],"predecessor-version":[{"id":5478,"href":"https:\/\/quanteviour.ch\/en\/wp-json\/wp\/v2\/pages\/5477\/revisions\/5478"}],"wp:featuredmedia":[{"embeddable":true,"href":"https:\/\/quanteviour.ch\/en\/wp-json\/wp\/v2\/media\/5273"}],"wp:attachment":[{"href":"https:\/\/quanteviour.ch\/en\/wp-json\/wp\/v2\/media?parent=5477"}],"curies":[{"name":"wp","href":"https:\/\/api.w.org\/{rel}","templated":true}]}}