{"id":5096,"date":"2019-12-09T17:20:20","date_gmt":"2019-12-09T16:20:20","guid":{"rendered":"https:\/\/quanteviour.ch\/?page_id=5096"},"modified":"2019-12-09T17:20:20","modified_gmt":"2019-12-09T16:20:20","slug":"pourquoi-un-depot-de-prevoyance","status":"publish","type":"page","link":"https:\/\/quanteviour.ch\/en\/pourquoi-un-depot-de-prevoyance\/","title":{"rendered":"Pourquoi un d\u00e9p\u00f4t de pr\u00e9voyance"},"content":{"rendered":"<section class=\"wpb-content-wrapper\">[vc_row][vc_column][vc_column_text el_class=&#8221;chapeau&#8221; css=&#8221;.vc_custom_1521792771699{margin-bottom: 0px !important;}&#8221;]Bien plus qu\u2019un d\u00e9p\u00f4t de pr\u00e9voyance 3a, nous vous donnons la possibilit\u00e9 d\u2019offrir <strong>des perspectives r\u00e9elles de croissance<\/strong> pour votre capital pr\u00e9voyance retraite conform\u00e9ment aux exigences l\u00e9gales et aux directives strictes de l\u2019OPP3. <strong>Gr\u00e2ce \u00e0 la finance comportementale<\/strong> nous conjuguons performances et s\u00e9curit\u00e9 pour vos avoirs <strong>dans un cadre fiscal et tarifaire avantageux.<\/strong><\/p>\n<p><strong>Votre argent est investit dans des fonds de placement Quanteviour pour vous permettre de profiter de l\u2019\u00e9volution des march\u00e9s financiers avec une strat\u00e9gie d\u2019investissement correspondant \u00e0 vos besoins. Les trois strat\u00e9gies propos\u00e9es sont suivies en continu<\/strong> afin d\u2019offrir <strong>les meilleurs rendements \u00e0 chaque \u00e9tape du cycle \u00e9conomique<\/strong>. De ce fait, vous avez la tranquillit\u00e9 d\u2019\u00eatre positionn\u00e9 avec les actifs pr\u00e9sentant le risque le plus adapt\u00e9 \u00e0 la conjoncture \u00e9conomique du moment.[\/vc_column_text][vc_separator css=&#8221;.vc_custom_1521640793479{margin-top: 20px !important;margin-bottom: 0px !important;}&#8221;][\/vc_column][\/vc_row][vc_row gap=&#8221;20&#8243; equal_height=&#8221;yes&#8221; content_placement=&#8221;top&#8221;][vc_column][vc_column_text css=&#8221;.vc_custom_1521640575475{margin-bottom: 0px !important;}&#8221;]\n<h4 style=\"text-align: center;\"><span style=\"color: #e30613;\">VOS AVANTAGES<\/span><\/h4>\n[\/vc_column_text][\/vc_column][vc_column width=&#8221;1\/3&#8243; css=&#8221;.vc_custom_1521546996136{background-color: #f2f2f2 !important;border-radius: 3px !important;}&#8221;][vc_single_image image=&#8221;4235&#8243; img_size=&#8221;120&#215;120&#8243; alignment=&#8221;center&#8221; css=&#8221;.vc_custom_1521561980134{margin-bottom: -10px !important;}&#8221;][vc_column_text]\n<h3 style=\"text-align: center;\"><span style=\"color: #d33741;\">Economie d\u2019imp\u00f4ts<\/span><\/h3>\n<p style=\"text-align: center;\">Vous \u00eates exon\u00e9r\u00e9 des imp\u00f4ts sur la fortune, sur le revenu et de l\u2019imp\u00f4t anticip\u00e9,\u00a0jusqu\u2019au versement de votre capital. \u00a0Vous b\u00e9n\u00e9ficiez d&#8217;un avantage fiscal jusqu&#8217;\u00e0 concurrence du montant maximal l\u00e9gal.<\/p>\n[\/vc_column_text][\/vc_column][vc_column width=&#8221;1\/3&#8243; css=&#8221;.vc_custom_1521640431118{background-color: #f2f2f2 !important;border-radius: 3px !important;}&#8221;][vc_single_image image=&#8221;4192&#8243; img_size=&#8221;120&#215;120&#8243; alignment=&#8221;center&#8221; css_animation=&#8221;none&#8221; css=&#8221;.vc_custom_1521552020323{margin-bottom: -10px !important;}&#8221;][vc_column_text]\n<h3 style=\"text-align: center;\"><span style=\"color: #d33741;\">Meilleures\u00a0 perspectives de rendement<\/span><\/h3>\n<p style=\"text-align: center;\">Vous profitez d\u2019une strat\u00e9gie de placement qui a fait ses preuves pour offrir les meilleures rendements \u00e0 chaque \u00e9tape du cycle \u00e9conomique.<\/p>\n[\/vc_column_text][\/vc_column][vc_column width=&#8221;1\/3&#8243; css=&#8221;.vc_custom_1521546967561{background-color: #f2f2f2 !important;border-radius: 3px !important;}&#8221;][vc_single_image image=&#8221;4236&#8243; img_size=&#8221;120&#215;120&#8243; alignment=&#8221;center&#8221; css=&#8221;.vc_custom_1521561990496{margin-bottom: -10px !important;}&#8221;][vc_column_text]\n<h3 style=\"text-align: center;\"><span style=\"color: #d33741;\">Retrait anticip\u00e9<\/span><\/h3>\n<p style=\"text-align: center;\">Vous pouvez retirer votre capital pour financer un logement \u00e0 usage propre, amortir indirectement votre hypoth\u00e8que ou devenir ind\u00e9pendant.<\/p>\n[\/vc_column_text][\/vc_column][\/vc_row][vc_row css=&#8221;.vc_custom_1521547056783{margin-top: 30px !important;margin-bottom: 30px !important;}&#8221;][vc_column][highlight_box style=&#8221;fade2&#8243; height=&#8221;80px&#8221; lineheight=&#8221;&#8221; url=&#8221;https:\/\/quanteviour.ch\/le-titre\/&#8221; textsize=&#8221;24px&#8221; text=&#8221;Les 3 strat\u00e9gies d\u2019investissement pour votre pr\u00e9voyance:<br \/>\nQuanteviour 20 \/ 40 \/ 60&#8243; clr=&#8221;#ffffff&#8221; bgclr=&#8221;#505050&#8243; hoverbg=&#8221;#c62132&#8243;][\/vc_column][\/vc_row][vc_row][vc_column][vc_tta_accordion style=&#8221;flat&#8221; gap=&#8221;10&#8243; active_section=&#8221;&#8221; no_fill=&#8221;true&#8221; el_class=&#8221;qtv-accordeon&#8221;][vc_tta_section title=&#8221;D\u00e9p\u00f4t pr\u00e9voyance&#8221; tab_id=&#8221;1521125511533-ec0204e5-08395fd5-2428&#8243;][vc_column_text]Toutes les personnes qui exercent une activit\u00e9 lucrative en Suisse et dont les revenus sont soumis \u00e0 l\u2019AVS\/AI peuvent cotiser au 3<sup>\u00e8me<\/sup> pilier. Dans le cadre du pilier\u00a03a, la loi d\u00e9finit des montants maximaux pour les versements annuels. Pour les \u00e9pargnants affili\u00e9s \u00e0 une caisse de pension, <strong>le maximum l\u00e9gal est de 6\u2019768.-\u00a0francs<\/strong>.<\/p>\n<p>Quant aux \u00e9pargnants sans caisse de pension, ils peuvent verser au plus 20% du revenu annuel net de leur activit\u00e9, mais au maximum 33&#8217;840.- francs. Par ailleurs, les actifs accumul\u00e9s dans un produit 3a ne sont soumis ni \u00e0 l\u2019imp\u00f4t sur la fortune ni \u00e0 celui sur les rendements des capitaux.<\/p>\n[\/vc_column_text][\/vc_tta_section][vc_tta_section title=&#8221;Economies d\u2019imp\u00f4ts&#8221; tab_id=&#8221;1521125511552-3981f076-c6515fd5-2428&#8243;][vc_column_text]Votre avoir de pr\u00e9voyance est exon\u00e9r\u00e9 de l\u2019imp\u00f4t sur la fortune pendant la dur\u00e9e de l\u2019investissement. <strong>Il sera cependant impos\u00e9 au moment du versement mais \u00e0 un taux r\u00e9duit et s\u00e9par\u00e9ment de vos autres revenus. Les produits des int\u00e9r\u00eats et du capital sont eux aussi non imposables jusqu\u2019au versement.<\/strong>[\/vc_column_text][\/vc_tta_section][vc_tta_section title=&#8221;Financez votre logement&#8221; tab_id=&#8221;1521468572228-209a77df-95bc5fd5-2428&#8243;][vc_column_text]\n<p style=\"text-align: left;\">Vous pouvez retirer le capital de votre compte de libre passage pour acqu\u00e9rir un logement de r\u00e9sidence. Un versement anticip\u00e9 est possible tous les cinq ans. L\u2019avoir de pr\u00e9voyance peut \u00e9galement \u00eatre mis en gage. Vous pouvez utiliser votre avoir pour construire, acqu\u00e9rir ou r\u00e9nover un logement \u00e0 usage propre ainsi que pour participer \u00e0 un logement en propri\u00e9t\u00e9. Ce capital peut aussi vous servir \u00e0 rembourser des pr\u00eats hypoth\u00e9caires. La loi exclut le financement de maisons de vacances et de r\u00e9sidences secondaires.<\/p>\n[\/vc_column_text][\/vc_tta_section][vc_tta_section title=&#8221;Retrait anticip\u00e9&#8221; tab_id=&#8221;1521468231108-a14e14f2-ba135fd5-2428&#8243;][vc_column_text]\n<p style=\"text-align: left;\">Vous pouvez retirer votre capital au plus t\u00f4t cinq ans avant et au plus tard cinq ans apr\u00e8s l\u2019\u00e2ge l\u00e9gal AVS. Un versement anticip\u00e9 est cependant possible dans les cas suivants\u00a0:<\/p>\n<ul style=\"list-style-type: square;\">\n<li><span style=\"color: #333333;\">si vous utilisez l\u2019avoir de pr\u00e9voyance pour financer un logement \u00e0 usage propre;<\/span><\/li>\n<li><span style=\"color: #333333;\">si vous quittez d\u00e9finitivement la Suisse (restrictions pour les pays de l\u2019UE, l\u2019Islande, le Liechtenstein et la Norv\u00e8ge);<\/span><\/li>\n<li><span style=\"color: #333333;\">si vous envisagez de vous mettre \u00e0 votre compte;<\/span><\/li>\n<li><span style=\"color: #333333;\">si vous percevez une rente d\u2019invalidit\u00e9 compl\u00e8te;<\/span><\/li>\n<li><span style=\"color: #333333;\">si votre avoir de libre passage est inf\u00e9rieur \u00e0 votre cotisation annuelle actuelle \u00e0 la pr\u00e9voyance professionnelle;<\/span><\/li>\n<li><span style=\"color: #333333;\">aux b\u00e9n\u00e9ficiaires en cas de d\u00e9c\u00e8s du preneur de pr\u00e9voyance.<\/span><\/li>\n<\/ul>\n[\/vc_column_text][\/vc_tta_section][\/vc_tta_accordion][\/vc_column][\/vc_row][vc_row][vc_column][vc_column_text css=&#8221;.vc_custom_1528114325052{margin-top: 0px !important;margin-bottom: 5px !important;}&#8221;]\n<p style=\"text-align: center;\">En collaboration avec la Fondation de pr\u00e9voyance Liberty<\/p>\n[\/vc_column_text][vc_single_image image=&#8221;4349&#8243; img_size=&#8221;180&#215;45&#8243; alignment=&#8221;center&#8221; onclick=&#8221;custom_link&#8221; img_link_target=&#8221;_blank&#8221; link=&#8221;http:\/\/www.liberty-vorsorge.ch\/fr\/fondation-3a\/accueil\/&#8221;][\/vc_column][\/vc_row]\n<\/section>","protected":false},"excerpt":{"rendered":"<p>[vc_row][vc_column][vc_column_text el_class=&#8221;chapeau&#8221; css=&#8221;.vc_custom_1521792771699{margin-bottom: 0px !important;}&#8221;]Bien plus qu\u2019un d\u00e9p\u00f4t de pr\u00e9voyance 3a, nous vous donnons la possibilit\u00e9 d\u2019offrir des perspectives r\u00e9elles &#8230; <\/p>\n<p class=\"read-more-container\"><a title=\"Pourquoi un d\u00e9p\u00f4t de pr\u00e9voyance\" class=\"read-more button\" href=\"https:\/\/quanteviour.ch\/en\/pourquoi-un-depot-de-prevoyance\/#more-5096\" aria-label=\"More on Pourquoi un d\u00e9p\u00f4t de pr\u00e9voyance\">Read more<\/a><\/p>\n","protected":false},"author":3,"featured_media":4420,"parent":0,"menu_order":0,"comment_status":"closed","ping_status":"closed","template":"","meta":{"inline_featured_image":false},"acf":[],"yoast_head":"<!-- This site is optimized with the Yoast SEO plugin v20.11 - https:\/\/yoast.com\/wordpress\/plugins\/seo\/ -->\n<title>Pourquoi un d\u00e9p\u00f4t de pr\u00e9voyance - Quanteviour<\/title>\n<meta name=\"robots\" content=\"index, follow, max-snippet:-1, max-image-preview:large, max-video-preview:-1\" \/>\n<link rel=\"canonical\" href=\"https:\/\/quanteviour.ch\/en\/pourquoi-un-depot-de-prevoyance\/\" \/>\n<meta property=\"og:locale\" content=\"en_US\" \/>\n<meta property=\"og:type\" content=\"article\" \/>\n<meta property=\"og:title\" content=\"Pourquoi un d\u00e9p\u00f4t de pr\u00e9voyance - Quanteviour\" \/>\n<meta property=\"og:description\" content=\"[vc_row][vc_column][vc_column_text el_class=&#8221;chapeau&#8221; css=&#8221;.vc_custom_1521792771699{margin-bottom: 0px !important;}&#8221;]Bien plus qu\u2019un d\u00e9p\u00f4t de pr\u00e9voyance 3a, nous vous donnons la possibilit\u00e9 d\u2019offrir des perspectives r\u00e9elles ... Read more\" \/>\n<meta property=\"og:url\" content=\"https:\/\/quanteviour.ch\/en\/pourquoi-un-depot-de-prevoyance\/\" \/>\n<meta property=\"og:site_name\" content=\"Quanteviour\" \/>\n<meta property=\"og:image\" content=\"https:\/\/quanteviour.ch\/wp-content\/uploads\/2018\/04\/QV_header_prevoyance_3a1.jpg\" \/>\n\t<meta property=\"og:image:width\" content=\"880\" \/>\n\t<meta property=\"og:image:height\" content=\"320\" \/>\n\t<meta property=\"og:image:type\" content=\"image\/jpeg\" \/>\n<meta name=\"twitter:label1\" content=\"Est. reading time\" \/>\n\t<meta name=\"twitter:data1\" content=\"5 minutes\" \/>\n<script type=\"application\/ld+json\" class=\"yoast-schema-graph\">{\"@context\":\"https:\/\/schema.org\",\"@graph\":[{\"@type\":\"WebPage\",\"@id\":\"https:\/\/quanteviour.ch\/en\/pourquoi-un-depot-de-prevoyance\/\",\"url\":\"https:\/\/quanteviour.ch\/en\/pourquoi-un-depot-de-prevoyance\/\",\"name\":\"Pourquoi un d\u00e9p\u00f4t de pr\u00e9voyance - Quanteviour\",\"isPartOf\":{\"@id\":\"https:\/\/quanteviour.ch\/en\/#website\"},\"datePublished\":\"2019-12-09T16:20:20+00:00\",\"dateModified\":\"2019-12-09T16:20:20+00:00\",\"breadcrumb\":{\"@id\":\"https:\/\/quanteviour.ch\/en\/pourquoi-un-depot-de-prevoyance\/#breadcrumb\"},\"inLanguage\":\"en-US\",\"potentialAction\":[{\"@type\":\"ReadAction\",\"target\":[\"https:\/\/quanteviour.ch\/en\/pourquoi-un-depot-de-prevoyance\/\"]}]},{\"@type\":\"BreadcrumbList\",\"@id\":\"https:\/\/quanteviour.ch\/en\/pourquoi-un-depot-de-prevoyance\/#breadcrumb\",\"itemListElement\":[{\"@type\":\"ListItem\",\"position\":1,\"name\":\"Home\",\"item\":\"https:\/\/quanteviour.ch\/en\/\"},{\"@type\":\"ListItem\",\"position\":2,\"name\":\"Pourquoi un d\u00e9p\u00f4t de pr\u00e9voyance\"}]},{\"@type\":\"WebSite\",\"@id\":\"https:\/\/quanteviour.ch\/en\/#website\",\"url\":\"https:\/\/quanteviour.ch\/en\/\",\"name\":\"Quanteviour\",\"description\":\"Financial strategy &amp; timing\",\"publisher\":{\"@id\":\"https:\/\/quanteviour.ch\/en\/#organization\"},\"potentialAction\":[{\"@type\":\"SearchAction\",\"target\":{\"@type\":\"EntryPoint\",\"urlTemplate\":\"https:\/\/quanteviour.ch\/en\/?s={search_term_string}\"},\"query-input\":\"required name=search_term_string\"}],\"inLanguage\":\"en-US\"},{\"@type\":\"Organization\",\"@id\":\"https:\/\/quanteviour.ch\/en\/#organization\",\"name\":\"Quanteviour SA\",\"url\":\"https:\/\/quanteviour.ch\/en\/\",\"logo\":{\"@type\":\"ImageObject\",\"inLanguage\":\"en-US\",\"@id\":\"https:\/\/quanteviour.ch\/en\/#\/schema\/logo\/image\/\",\"url\":\"https:\/\/quanteviour.ch\/wp-content\/uploads\/2013\/10\/Quanteviour-e1409828740964.png\",\"contentUrl\":\"https:\/\/quanteviour.ch\/wp-content\/uploads\/2013\/10\/Quanteviour-e1409828740964.png\",\"width\":283,\"height\":142,\"caption\":\"Quanteviour SA\"},\"image\":{\"@id\":\"https:\/\/quanteviour.ch\/en\/#\/schema\/logo\/image\/\"}}]}<\/script>\n<!-- \/ Yoast SEO plugin. -->","yoast_head_json":{"title":"Pourquoi un d\u00e9p\u00f4t de pr\u00e9voyance - Quanteviour","robots":{"index":"index","follow":"follow","max-snippet":"max-snippet:-1","max-image-preview":"max-image-preview:large","max-video-preview":"max-video-preview:-1"},"canonical":"https:\/\/quanteviour.ch\/en\/pourquoi-un-depot-de-prevoyance\/","og_locale":"en_US","og_type":"article","og_title":"Pourquoi un d\u00e9p\u00f4t de pr\u00e9voyance - Quanteviour","og_description":"[vc_row][vc_column][vc_column_text el_class=&#8221;chapeau&#8221; css=&#8221;.vc_custom_1521792771699{margin-bottom: 0px !important;}&#8221;]Bien plus qu\u2019un d\u00e9p\u00f4t de pr\u00e9voyance 3a, nous vous donnons la possibilit\u00e9 d\u2019offrir des perspectives r\u00e9elles ... Read more","og_url":"https:\/\/quanteviour.ch\/en\/pourquoi-un-depot-de-prevoyance\/","og_site_name":"Quanteviour","og_image":[{"width":880,"height":320,"url":"https:\/\/quanteviour.ch\/wp-content\/uploads\/2018\/04\/QV_header_prevoyance_3a1.jpg","type":"image\/jpeg"}],"twitter_misc":{"Est. reading time":"5 minutes"},"schema":{"@context":"https:\/\/schema.org","@graph":[{"@type":"WebPage","@id":"https:\/\/quanteviour.ch\/en\/pourquoi-un-depot-de-prevoyance\/","url":"https:\/\/quanteviour.ch\/en\/pourquoi-un-depot-de-prevoyance\/","name":"Pourquoi un d\u00e9p\u00f4t de pr\u00e9voyance - Quanteviour","isPartOf":{"@id":"https:\/\/quanteviour.ch\/en\/#website"},"datePublished":"2019-12-09T16:20:20+00:00","dateModified":"2019-12-09T16:20:20+00:00","breadcrumb":{"@id":"https:\/\/quanteviour.ch\/en\/pourquoi-un-depot-de-prevoyance\/#breadcrumb"},"inLanguage":"en-US","potentialAction":[{"@type":"ReadAction","target":["https:\/\/quanteviour.ch\/en\/pourquoi-un-depot-de-prevoyance\/"]}]},{"@type":"BreadcrumbList","@id":"https:\/\/quanteviour.ch\/en\/pourquoi-un-depot-de-prevoyance\/#breadcrumb","itemListElement":[{"@type":"ListItem","position":1,"name":"Home","item":"https:\/\/quanteviour.ch\/en\/"},{"@type":"ListItem","position":2,"name":"Pourquoi un d\u00e9p\u00f4t de pr\u00e9voyance"}]},{"@type":"WebSite","@id":"https:\/\/quanteviour.ch\/en\/#website","url":"https:\/\/quanteviour.ch\/en\/","name":"Quanteviour","description":"Financial strategy &amp; timing","publisher":{"@id":"https:\/\/quanteviour.ch\/en\/#organization"},"potentialAction":[{"@type":"SearchAction","target":{"@type":"EntryPoint","urlTemplate":"https:\/\/quanteviour.ch\/en\/?s={search_term_string}"},"query-input":"required name=search_term_string"}],"inLanguage":"en-US"},{"@type":"Organization","@id":"https:\/\/quanteviour.ch\/en\/#organization","name":"Quanteviour SA","url":"https:\/\/quanteviour.ch\/en\/","logo":{"@type":"ImageObject","inLanguage":"en-US","@id":"https:\/\/quanteviour.ch\/en\/#\/schema\/logo\/image\/","url":"https:\/\/quanteviour.ch\/wp-content\/uploads\/2013\/10\/Quanteviour-e1409828740964.png","contentUrl":"https:\/\/quanteviour.ch\/wp-content\/uploads\/2013\/10\/Quanteviour-e1409828740964.png","width":283,"height":142,"caption":"Quanteviour SA"},"image":{"@id":"https:\/\/quanteviour.ch\/en\/#\/schema\/logo\/image\/"}}]}},"_links":{"self":[{"href":"https:\/\/quanteviour.ch\/en\/wp-json\/wp\/v2\/pages\/5096"}],"collection":[{"href":"https:\/\/quanteviour.ch\/en\/wp-json\/wp\/v2\/pages"}],"about":[{"href":"https:\/\/quanteviour.ch\/en\/wp-json\/wp\/v2\/types\/page"}],"author":[{"embeddable":true,"href":"https:\/\/quanteviour.ch\/en\/wp-json\/wp\/v2\/users\/3"}],"replies":[{"embeddable":true,"href":"https:\/\/quanteviour.ch\/en\/wp-json\/wp\/v2\/comments?post=5096"}],"version-history":[{"count":3,"href":"https:\/\/quanteviour.ch\/en\/wp-json\/wp\/v2\/pages\/5096\/revisions"}],"predecessor-version":[{"id":5487,"href":"https:\/\/quanteviour.ch\/en\/wp-json\/wp\/v2\/pages\/5096\/revisions\/5487"}],"wp:featuredmedia":[{"embeddable":true,"href":"https:\/\/quanteviour.ch\/en\/wp-json\/wp\/v2\/media\/4420"}],"wp:attachment":[{"href":"https:\/\/quanteviour.ch\/en\/wp-json\/wp\/v2\/media?parent=5096"}],"curies":[{"name":"wp","href":"https:\/\/api.w.org\/{rel}","templated":true}]}}