{"id":4464,"date":"2018-03-14T14:59:36","date_gmt":"2018-03-14T13:59:36","guid":{"rendered":"https:\/\/quanteviour.ch\/en\/le-titre\/"},"modified":"2019-12-09T17:09:14","modified_gmt":"2019-12-09T16:09:14","slug":"vos-perspectives","status":"publish","type":"page","link":"https:\/\/quanteviour.ch\/en\/vos-perspectives\/","title":{"rendered":"Real prospects for your foresight"},"content":{"rendered":"<section class=\"wpb-content-wrapper\">[vc_row][vc_column][vc_column_text]\n<h2 style=\"text-align: left;\">Trois strat\u00e9gies d&#8217;investissement qui ont fait leurs preuves<\/h2>\n<p style=\"text-align: left;\"><strong>Quanteviour SA <\/strong>est le sp\u00e9cialiste en Suisse dans <strong>l\u2019analyse comportementale<\/strong> des march\u00e9s financiers. Son approche unique en mati\u00e8re d\u2019analyse des march\u00e9s permet de vous offrir trois solutions innovantes d\u2019investissement au profil de risque adapt\u00e9 \u00e0 vos objectifs.\u00a0<strong>Gr\u00e2ce \u00e0 la finance comportementale<\/strong>\u00a0vous conjuguez performances et s\u00e9curit\u00e9 pour vos avoirs <strong>dans un cadre fiscal et tarifaire avantageux.<\/strong><\/p>\n<p><strong>Les trois strat\u00e9gies propos\u00e9es sont suivies en continu<\/strong> afin d\u2019offrir <strong>les meilleurs rendements \u00e0 chaque \u00e9tape du cycle \u00e9conomique<\/strong>. De ce fait, vous avez la tranquillit\u00e9 d\u2019\u00eatre positionn\u00e9 avec les actifs pr\u00e9sentant le risque le plus adapt\u00e9 \u00e0 la conjoncture \u00e9conomique du moment.[\/vc_column_text][\/vc_column][\/vc_row][vc_row gap=&#8221;20&#8243; full_height=&#8221;yes&#8221; columns_placement=&#8221;top&#8221; content_placement=&#8221;top&#8221;][vc_column width=&#8221;1\/3&#8243;][vc_row_inner css=&#8221;.vc_custom_1521040076423{background-color: #e8e8e8 !important;}&#8221;][vc_column_inner][vc_column_text]\n<h2 style=\"text-align: center;\">Quanteviour <span style=\"color: #d33741;\">25<\/span><\/h2>\n<hr \/>\n[\/vc_column_text][vc_single_image image=&#8221;5579&#8243; img_size=&#8221;medium&#8221; onclick=&#8221;zoom&#8221;][vc_column_text]<strong>Profil conservateur.<\/strong><\/p>\n<p><a style=\"text-decoration: underline;\" href=\"https:\/\/quanteviour.ch\/wp-content\/uploads\/2019\/12\/Web-Analyse-de-performance-de-la-strat\u00e9gie-Quanteviour-25.pdf\" target=\"_blank\" rel=\"noopener noreferrer\">T\u00e9l\u00e9chargez<\/a> l&#8217;analyse de la performance relative du portefeuille Quanteviour 25 par rapport \u00e0 l&#8217;indice Pictet LPP 25.[\/vc_column_text][vc_progress_bar values=&#8221;%5B%7B%22label%22%3A%22Rendement%22%2C%22value%22%3A%2225%22%2C%22color%22%3A%22bar_red%22%7D%2C%7B%22label%22%3A%22Volatilit%C3%A9%22%2C%22value%22%3A%2225%22%2C%22color%22%3A%22custom%22%2C%22customcolor%22%3A%22%238c8c8c%22%2C%22customtxtcolor%22%3A%22%23ffffff%22%7D%2C%7B%22label%22%3A%22S%C3%A9curit%C3%A9%22%2C%22value%22%3A%22100%22%2C%22color%22%3A%22bar_black%22%7D%5D&#8221;][vc_separator color=&#8221;custom&#8221; accent_color=&#8221;#cccccc&#8221;][vc_round_chart type=&#8221;doughnut&#8221; style=&#8221;modern&#8221; stroke_width=&#8221;1&#8243; legend=&#8221;&#8221; values=&#8221;%5B%7B%22title%22%3A%22Actions%22%2C%22value%22%3A%2218%25%22%2C%22color%22%3A%22juicy-pink%22%7D%2C%7B%22title%22%3A%22Obligations%22%2C%22value%22%3A%2261%25%22%2C%22color%22%3A%22black%22%7D%2C%7B%22title%22%3A%22Alternatifs%22%2C%22value%22%3A%228%22%2C%22color%22%3A%22chino%22%2C%22custom_color%22%3A%22%23555555%22%7D%2C%7B%22title%22%3A%22Immobilier%22%2C%22value%22%3A%225%25%22%2C%22color%22%3A%22white%22%2C%22custom_color%22%3A%22%23cec2ab%22%7D%2C%7B%22title%22%3A%22Money%20Market%20%26%20Cash%22%2C%22value%22%3A%228%25%22%2C%22color%22%3A%22mulled-wine%22%2C%22custom_color%22%3A%22%23ebebeb%22%7D%2C%7B%22color%22%3A%22sandy-brown%22%2C%22custom_color%22%3A%22%23f4524d%22%7D%5D&#8221; css=&#8221;.vc_custom_1575456856087{padding-top: 30px !important;padding-right: 30px !important;padding-bottom: 30px !important;padding-left: 30px !important;}&#8221;][vc_column_text]\n<p style=\"text-align: center;\"><span style=\"color: #da6b67;\">Actions 18%<\/span>\u00a0 \u00a0<span style=\"color: #333333;\">Obligations 61%<\/span><span style=\"color: #ff6600;\">\u00a0 \u00a0<span style=\"color: #d2cab9;\">Alternatifs 8%<\/span>\u00a0 \u00a0<span style=\"color: #ffffff;\">Immobilier 5%<\/span><span style=\"color: #000000;\"> \u00a0 <span style=\"color: #5d5569;\">Money Market &amp; Cash 8%<\/span><\/span><\/span><\/p>\n[\/vc_column_text][\/vc_column_inner][\/vc_row_inner][\/vc_column][vc_column width=&#8221;1\/3&#8243;][vc_row_inner css=&#8221;.vc_custom_1521040051898{background-color: #e8e8e8 !important;}&#8221;][vc_column_inner][vc_column_text]\n<h2 style=\"text-align: center;\">Quanteviour <span style=\"color: #d33741;\">40<\/span><\/h2>\n<hr \/>\n[\/vc_column_text][vc_single_image image=&#8221;5577&#8243; img_size=&#8221;medium&#8221; onclick=&#8221;zoom&#8221;][vc_column_text]<strong>Profil \u00e9quilibr\u00e9.<\/strong><\/p>\n<p><a style=\"text-decoration: underline;\" href=\"https:\/\/quanteviour.ch\/wp-content\/uploads\/2019\/12\/Web-Analyse-de-performance-de-la-strat\u00e9gie-Quanteviour-40.pdf\" target=\"_blank\" rel=\"noopener noreferrer\">T\u00e9l\u00e9chargez<\/a> l&#8217;analyse de la performance relative du portefeuille Quanteviour 40\u00a0par rapport \u00e0 l&#8217;indice Pictet LPP 40.[\/vc_column_text][vc_progress_bar values=&#8221;%5B%7B%22label%22%3A%22Rendement%22%2C%22value%22%3A%2250%22%2C%22color%22%3A%22bar_red%22%7D%2C%7B%22label%22%3A%22Volatilit%C3%A9%22%2C%22value%22%3A%2250%22%2C%22color%22%3A%22custom%22%2C%22customcolor%22%3A%22%238c8c8c%22%2C%22customtxtcolor%22%3A%22%23ffffff%22%7D%2C%7B%22label%22%3A%22S%C3%A9curit%C3%A9%22%2C%22value%22%3A%2250%22%2C%22color%22%3A%22bar_black%22%7D%5D&#8221;][vc_separator color=&#8221;custom&#8221; accent_color=&#8221;#cccccc&#8221;][vc_round_chart type=&#8221;doughnut&#8221; style=&#8221;modern&#8221; stroke_width=&#8221;1&#8243; legend=&#8221;&#8221; values=&#8221;%5B%7B%22title%22%3A%22Actions%22%2C%22value%22%3A%2225%22%2C%22color%22%3A%22juicy-pink%22%7D%2C%7B%22title%22%3A%22Obligations%22%2C%22value%22%3A%2251%25%22%2C%22color%22%3A%22black%22%7D%2C%7B%22title%22%3A%22Alternatifs%22%2C%22value%22%3A%228%25%22%2C%22color%22%3A%22chino%22%2C%22custom_color%22%3A%22%23555555%22%7D%2C%7B%22title%22%3A%22Immobilier%22%2C%22value%22%3A%224%25%22%2C%22color%22%3A%22white%22%2C%22custom_color%22%3A%22%23cec2ab%22%7D%2C%7B%22title%22%3A%22Money%20Market%20%26%20Cash%22%2C%22value%22%3A%2212%25%22%2C%22color%22%3A%22mulled-wine%22%2C%22custom_color%22%3A%22%23ebebeb%22%7D%5D&#8221; css=&#8221;.vc_custom_1575457007879{padding-top: 30px !important;padding-right: 30px !important;padding-bottom: 30px !important;padding-left: 30px !important;}&#8221;][vc_column_text]\n<p style=\"text-align: center;\"><span style=\"color: #da6b67;\">Actions 25%<\/span>\u00a0 \u00a0<span style=\"color: #333333;\">Obligations 51%<\/span><span style=\"color: #ff6600;\">\u00a0 \u00a0<span style=\"color: #d2cab9;\">Alternatifs 8%<\/span>\u00a0 \u00a0<span style=\"color: #ffffff;\">Immobilier 4%<\/span><span style=\"color: #000000;\"> \u00a0 <span style=\"color: #5d5569;\">Money Market &amp; Cash 12%<\/span><\/span><\/span><\/p>\n[\/vc_column_text][\/vc_column_inner][\/vc_row_inner][\/vc_column][vc_column width=&#8221;1\/3&#8243;][vc_row_inner css=&#8221;.vc_custom_1521040062495{background-color: #e8e8e8 !important;}&#8221;][vc_column_inner][vc_column_text]\n<h2 style=\"text-align: center;\">Quanteviour <span style=\"color: #d33741;\">60<\/span><\/h2>\n<hr \/>\n[\/vc_column_text][vc_single_image image=&#8221;5587&#8243; img_size=&#8221;medium&#8221; onclick=&#8221;zoom&#8221;][vc_column_text]<strong>Profil croissance.<\/strong><\/p>\n<p><a style=\"text-decoration: underline;\" href=\"https:\/\/quanteviour.ch\/wp-content\/uploads\/2019\/12\/Web-Analyse-de-performance-de-la-strat\u00e9gie-Quanteviour-60.pdf\" target=\"_blank\" rel=\"noopener noreferrer\">T\u00e9l\u00e9chargez<\/a> l&#8217;analyse de la performance relative du portefeuille Quanteviour 60\u00a0par rapport \u00e0 l&#8217;indice Pictet LPP 60.[\/vc_column_text][vc_progress_bar values=&#8221;%5B%7B%22label%22%3A%22Rendement%22%2C%22value%22%3A%22100%22%2C%22color%22%3A%22bar_red%22%7D%2C%7B%22label%22%3A%22Volatilit%C3%A9%22%2C%22value%22%3A%22100%22%2C%22color%22%3A%22custom%22%2C%22customcolor%22%3A%22%238c8c8c%22%2C%22customtxtcolor%22%3A%22%23ffffff%22%7D%2C%7B%22label%22%3A%22S%C3%A9curit%C3%A9%22%2C%22value%22%3A%2225%22%2C%22color%22%3A%22bar_black%22%7D%5D&#8221;][vc_separator color=&#8221;custom&#8221; accent_color=&#8221;#cccccc&#8221;][vc_round_chart type=&#8221;doughnut&#8221; style=&#8221;modern&#8221; stroke_width=&#8221;1&#8243; legend=&#8221;&#8221; values=&#8221;%5B%7B%22title%22%3A%22Actions%22%2C%22value%22%3A%2234%25%22%2C%22color%22%3A%22juicy-pink%22%7D%2C%7B%22title%22%3A%22Obligations%22%2C%22value%22%3A%2230%25%22%2C%22color%22%3A%22black%22%7D%2C%7B%22title%22%3A%22Alternatifs%22%2C%22value%22%3A%2213%22%2C%22color%22%3A%22chino%22%2C%22custom_color%22%3A%22%23555555%22%7D%2C%7B%22title%22%3A%22Immobilier%22%2C%22value%22%3A%225%25%22%2C%22color%22%3A%22white%22%2C%22custom_color%22%3A%22%23cec2ab%22%7D%2C%7B%22title%22%3A%22Money%20Market%20%26%20Cash%22%2C%22value%22%3A%2218%25%22%2C%22color%22%3A%22mulled-wine%22%2C%22custom_color%22%3A%22%23ebebeb%22%7D%5D&#8221; css=&#8221;.vc_custom_1575457109927{padding-top: 30px !important;padding-right: 30px !important;padding-bottom: 30px !important;padding-left: 30px !important;}&#8221;][vc_column_text]\n<p style=\"text-align: center;\"><span style=\"color: #da6b67;\">Actions 34%<\/span>\u00a0 \u00a0<span style=\"color: #333333;\">Obligations 30%<\/span><span style=\"color: #ff6600;\">\u00a0 \u00a0<span style=\"color: #d2cab9;\">Alternatifs 13%<\/span>\u00a0 \u00a0<span style=\"color: #ffffff;\">Immobilier 5%<\/span><span style=\"color: #000000;\"> \u00a0 <span style=\"color: #5d5569;\">Money Market &amp; Cash 18%<\/span><\/span><\/span><\/p>\n[\/vc_column_text][\/vc_column_inner][\/vc_row_inner][\/vc_column][\/vc_row][vc_row][vc_column][vc_column_text css=&#8221;.vc_custom_1521797317561{margin-top: 0px !important;margin-bottom: 5px !important;}&#8221;]\n<p style=\"text-align: center;\">En collaboration avec la Fondation de pr\u00e9voyance Liberty<\/p>\n[\/vc_column_text][vc_single_image image=&#8221;4349&#8243; img_size=&#8221;180&#215;45&#8243; alignment=&#8221;center&#8221; onclick=&#8221;custom_link&#8221; img_link_target=&#8221;_blank&#8221; link=&#8221;http:\/\/www.liberty-vorsorge.ch\/fr\/&#8221;][\/vc_column][\/vc_row]\n<\/section>","protected":false},"excerpt":{"rendered":"<p>[vc_row][vc_column][vc_column_text] Trois strat\u00e9gies d&#8217;investissement qui ont fait leurs preuves Quanteviour SA est le sp\u00e9cialiste en Suisse dans l\u2019analyse comportementale des &#8230; <\/p>\n<p class=\"read-more-container\"><a title=\"Real prospects for your foresight\" class=\"read-more button\" href=\"https:\/\/quanteviour.ch\/en\/vos-perspectives\/#more-4464\" aria-label=\"More on Real prospects for your foresight\">Read more<\/a><\/p>\n","protected":false},"author":1,"featured_media":4408,"parent":0,"menu_order":0,"comment_status":"closed","ping_status":"closed","template":"","meta":{"inline_featured_image":false},"acf":[],"yoast_head":"<!-- This site is optimized with the Yoast SEO plugin v20.11 - https:\/\/yoast.com\/wordpress\/plugins\/seo\/ -->\n<title>Real prospects for your foresight - Quanteviour<\/title>\n<meta name=\"robots\" content=\"index, follow, max-snippet:-1, max-image-preview:large, max-video-preview:-1\" \/>\n<link rel=\"canonical\" href=\"https:\/\/quanteviour.ch\/en\/vos-perspectives\/\" \/>\n<meta property=\"og:locale\" content=\"en_US\" \/>\n<meta property=\"og:type\" content=\"article\" \/>\n<meta property=\"og:title\" content=\"Real prospects for your foresight - Quanteviour\" \/>\n<meta property=\"og:description\" content=\"[vc_row][vc_column][vc_column_text] Trois strat\u00e9gies d&#8217;investissement qui ont fait leurs preuves Quanteviour SA est le sp\u00e9cialiste en Suisse dans l\u2019analyse comportementale des ... Read more\" \/>\n<meta property=\"og:url\" content=\"https:\/\/quanteviour.ch\/en\/vos-perspectives\/\" \/>\n<meta property=\"og:site_name\" content=\"Quanteviour\" \/>\n<meta property=\"article:modified_time\" content=\"2019-12-09T16:09:14+00:00\" \/>\n<meta property=\"og:image\" content=\"https:\/\/quanteviour.ch\/wp-content\/uploads\/2018\/04\/QV_header_prevoyance_global.jpg\" \/>\n\t<meta property=\"og:image:width\" content=\"880\" \/>\n\t<meta property=\"og:image:height\" content=\"320\" \/>\n\t<meta property=\"og:image:type\" content=\"image\/jpeg\" \/>\n<meta name=\"twitter:label1\" content=\"Est. reading time\" \/>\n\t<meta name=\"twitter:data1\" content=\"5 minutes\" \/>\n<script type=\"application\/ld+json\" class=\"yoast-schema-graph\">{\"@context\":\"https:\/\/schema.org\",\"@graph\":[{\"@type\":\"WebPage\",\"@id\":\"https:\/\/quanteviour.ch\/en\/vos-perspectives\/\",\"url\":\"https:\/\/quanteviour.ch\/en\/vos-perspectives\/\",\"name\":\"Real prospects for your foresight - Quanteviour\",\"isPartOf\":{\"@id\":\"https:\/\/quanteviour.ch\/en\/#website\"},\"datePublished\":\"2018-03-14T13:59:36+00:00\",\"dateModified\":\"2019-12-09T16:09:14+00:00\",\"breadcrumb\":{\"@id\":\"https:\/\/quanteviour.ch\/en\/vos-perspectives\/#breadcrumb\"},\"inLanguage\":\"en-US\",\"potentialAction\":[{\"@type\":\"ReadAction\",\"target\":[\"https:\/\/quanteviour.ch\/en\/vos-perspectives\/\"]}]},{\"@type\":\"BreadcrumbList\",\"@id\":\"https:\/\/quanteviour.ch\/en\/vos-perspectives\/#breadcrumb\",\"itemListElement\":[{\"@type\":\"ListItem\",\"position\":1,\"name\":\"Home\",\"item\":\"https:\/\/quanteviour.ch\/en\/\"},{\"@type\":\"ListItem\",\"position\":2,\"name\":\"Real prospects for your foresight\"}]},{\"@type\":\"WebSite\",\"@id\":\"https:\/\/quanteviour.ch\/en\/#website\",\"url\":\"https:\/\/quanteviour.ch\/en\/\",\"name\":\"Quanteviour\",\"description\":\"Financial strategy &amp; timing\",\"publisher\":{\"@id\":\"https:\/\/quanteviour.ch\/en\/#organization\"},\"potentialAction\":[{\"@type\":\"SearchAction\",\"target\":{\"@type\":\"EntryPoint\",\"urlTemplate\":\"https:\/\/quanteviour.ch\/en\/?s={search_term_string}\"},\"query-input\":\"required name=search_term_string\"}],\"inLanguage\":\"en-US\"},{\"@type\":\"Organization\",\"@id\":\"https:\/\/quanteviour.ch\/en\/#organization\",\"name\":\"Quanteviour SA\",\"url\":\"https:\/\/quanteviour.ch\/en\/\",\"logo\":{\"@type\":\"ImageObject\",\"inLanguage\":\"en-US\",\"@id\":\"https:\/\/quanteviour.ch\/en\/#\/schema\/logo\/image\/\",\"url\":\"https:\/\/quanteviour.ch\/wp-content\/uploads\/2013\/10\/Quanteviour-e1409828740964.png\",\"contentUrl\":\"https:\/\/quanteviour.ch\/wp-content\/uploads\/2013\/10\/Quanteviour-e1409828740964.png\",\"width\":283,\"height\":142,\"caption\":\"Quanteviour SA\"},\"image\":{\"@id\":\"https:\/\/quanteviour.ch\/en\/#\/schema\/logo\/image\/\"}}]}<\/script>\n<!-- \/ Yoast SEO plugin. -->","yoast_head_json":{"title":"Real prospects for your foresight - Quanteviour","robots":{"index":"index","follow":"follow","max-snippet":"max-snippet:-1","max-image-preview":"max-image-preview:large","max-video-preview":"max-video-preview:-1"},"canonical":"https:\/\/quanteviour.ch\/en\/vos-perspectives\/","og_locale":"en_US","og_type":"article","og_title":"Real prospects for your foresight - Quanteviour","og_description":"[vc_row][vc_column][vc_column_text] Trois strat\u00e9gies d&#8217;investissement qui ont fait leurs preuves Quanteviour SA est le sp\u00e9cialiste en Suisse dans l\u2019analyse comportementale des ... Read more","og_url":"https:\/\/quanteviour.ch\/en\/vos-perspectives\/","og_site_name":"Quanteviour","article_modified_time":"2019-12-09T16:09:14+00:00","og_image":[{"width":880,"height":320,"url":"https:\/\/quanteviour.ch\/wp-content\/uploads\/2018\/04\/QV_header_prevoyance_global.jpg","type":"image\/jpeg"}],"twitter_misc":{"Est. reading time":"5 minutes"},"schema":{"@context":"https:\/\/schema.org","@graph":[{"@type":"WebPage","@id":"https:\/\/quanteviour.ch\/en\/vos-perspectives\/","url":"https:\/\/quanteviour.ch\/en\/vos-perspectives\/","name":"Real prospects for your foresight - Quanteviour","isPartOf":{"@id":"https:\/\/quanteviour.ch\/en\/#website"},"datePublished":"2018-03-14T13:59:36+00:00","dateModified":"2019-12-09T16:09:14+00:00","breadcrumb":{"@id":"https:\/\/quanteviour.ch\/en\/vos-perspectives\/#breadcrumb"},"inLanguage":"en-US","potentialAction":[{"@type":"ReadAction","target":["https:\/\/quanteviour.ch\/en\/vos-perspectives\/"]}]},{"@type":"BreadcrumbList","@id":"https:\/\/quanteviour.ch\/en\/vos-perspectives\/#breadcrumb","itemListElement":[{"@type":"ListItem","position":1,"name":"Home","item":"https:\/\/quanteviour.ch\/en\/"},{"@type":"ListItem","position":2,"name":"Real prospects for your foresight"}]},{"@type":"WebSite","@id":"https:\/\/quanteviour.ch\/en\/#website","url":"https:\/\/quanteviour.ch\/en\/","name":"Quanteviour","description":"Financial strategy &amp; timing","publisher":{"@id":"https:\/\/quanteviour.ch\/en\/#organization"},"potentialAction":[{"@type":"SearchAction","target":{"@type":"EntryPoint","urlTemplate":"https:\/\/quanteviour.ch\/en\/?s={search_term_string}"},"query-input":"required name=search_term_string"}],"inLanguage":"en-US"},{"@type":"Organization","@id":"https:\/\/quanteviour.ch\/en\/#organization","name":"Quanteviour SA","url":"https:\/\/quanteviour.ch\/en\/","logo":{"@type":"ImageObject","inLanguage":"en-US","@id":"https:\/\/quanteviour.ch\/en\/#\/schema\/logo\/image\/","url":"https:\/\/quanteviour.ch\/wp-content\/uploads\/2013\/10\/Quanteviour-e1409828740964.png","contentUrl":"https:\/\/quanteviour.ch\/wp-content\/uploads\/2013\/10\/Quanteviour-e1409828740964.png","width":283,"height":142,"caption":"Quanteviour SA"},"image":{"@id":"https:\/\/quanteviour.ch\/en\/#\/schema\/logo\/image\/"}}]}},"_links":{"self":[{"href":"https:\/\/quanteviour.ch\/en\/wp-json\/wp\/v2\/pages\/4464"}],"collection":[{"href":"https:\/\/quanteviour.ch\/en\/wp-json\/wp\/v2\/pages"}],"about":[{"href":"https:\/\/quanteviour.ch\/en\/wp-json\/wp\/v2\/types\/page"}],"author":[{"embeddable":true,"href":"https:\/\/quanteviour.ch\/en\/wp-json\/wp\/v2\/users\/1"}],"replies":[{"embeddable":true,"href":"https:\/\/quanteviour.ch\/en\/wp-json\/wp\/v2\/comments?post=4464"}],"version-history":[{"count":2,"href":"https:\/\/quanteviour.ch\/en\/wp-json\/wp\/v2\/pages\/4464\/revisions"}],"predecessor-version":[{"id":5476,"href":"https:\/\/quanteviour.ch\/en\/wp-json\/wp\/v2\/pages\/4464\/revisions\/5476"}],"wp:featuredmedia":[{"embeddable":true,"href":"https:\/\/quanteviour.ch\/en\/wp-json\/wp\/v2\/media\/4408"}],"wp:attachment":[{"href":"https:\/\/quanteviour.ch\/en\/wp-json\/wp\/v2\/media?parent=4464"}],"curies":[{"name":"wp","href":"https:\/\/api.w.org\/{rel}","templated":true}]}}