{"id":4462,"date":"2018-03-14T15:14:24","date_gmt":"2018-03-14T14:14:24","guid":{"rendered":"https:\/\/quanteviour.ch\/en\/compte-de-libre-passage\/"},"modified":"2019-12-09T17:22:10","modified_gmt":"2019-12-09T16:22:10","slug":"compte-de-libre-passage","status":"publish","type":"page","link":"https:\/\/quanteviour.ch\/en\/compte-de-libre-passage\/","title":{"rendered":"Votre compte de libre passage Liberty"},"content":{"rendered":"<section class=\"wpb-content-wrapper\">[vc_row][vc_column][vc_column_text el_class=&#8221;chapeau&#8221; css=&#8221;.vc_custom_1521754399005{margin-bottom: 0px !important;}&#8221;]Gr\u00e2ce \u00e0 la collaboration entre <strong>Liberty Fondation de libre passage<\/strong> et la soci\u00e9t\u00e9 <strong>Quanteviour SA<\/strong> vous garantissez \u00a0la continuit\u00e9 de votre pr\u00e9voyance en cas d&#8217;interruption d&#8217;activit\u00e9 en tant que salari\u00e9 et vous pr\u00e9servez vos avoirs tout en b\u00e9n\u00e9ficiant de rendements au-dessus de la moyenne.<\/p>\n<p>Placez votre avoir de caisse de pension avec des perspectives r\u00e9elles de croissance durable tout en optimisant la charge fiscale.[\/vc_column_text][vc_separator css=&#8221;.vc_custom_1521640961029{margin-top: 20px !important;margin-bottom: 0px !important;}&#8221;][\/vc_column][\/vc_row][vc_row gap=&#8221;20&#8243; equal_height=&#8221;yes&#8221; content_placement=&#8221;top&#8221;][vc_column][vc_column_text css=&#8221;.vc_custom_1521640911857{margin-bottom: 0px !important;}&#8221;]\n<h4 style=\"text-align: center;\"><span style=\"color: #e30613;\">VOS AVANTAGES<\/span><\/h4>\n[\/vc_column_text][\/vc_column][vc_column width=&#8221;1\/4&#8243; css=&#8221;.vc_custom_1521546996136{background-color: #f2f2f2 !important;border-radius: 3px !important;}&#8221;][vc_single_image image=&#8221;4235&#8243; img_size=&#8221;120&#215;120&#8243; alignment=&#8221;center&#8221; css=&#8221;.vc_custom_1521561893345{margin-bottom: -10px !important;}&#8221;][vc_column_text]\n<h3 style=\"text-align: center;\"><span style=\"color: #d33741;\">Economie d\u2019imp\u00f4ts<\/span><\/h3>\n<p style=\"text-align: center;\">Vous \u00eates exon\u00e9r\u00e9 des imp\u00f4ts sur la fortune, sur le revenu et de l\u2019imp\u00f4t anticip\u00e9,\u00a0jusqu\u2019au versement de votre capital.<\/p>\n[\/vc_column_text][\/vc_column][vc_column width=&#8221;1\/4&#8243; css=&#8221;.vc_custom_1521546987484{background-color: #f2f2f2 !important;border-radius: 3px !important;}&#8221;][vc_single_image image=&#8221;4194&#8243; img_size=&#8221;120&#215;120&#8243; alignment=&#8221;center&#8221; css=&#8221;.vc_custom_1521551997497{margin-bottom: -10px !important;}&#8221;][vc_column_text]\n<h3 style=\"text-align: center;\"><span style=\"color: #d33741;\">S\u00e9curit\u00e9 garantie<\/span><\/h3>\n<p style=\"text-align: center;\">Garantissez la continuit\u00e9 de votre pr\u00e9voyance en toute s\u00e9curit\u00e9<\/p>\n[\/vc_column_text][\/vc_column][vc_column width=&#8221;1\/4&#8243; css=&#8221;.vc_custom_1521546979047{background-color: #f2f2f2 !important;border-radius: 3px !important;}&#8221;][vc_single_image image=&#8221;4192&#8243; img_size=&#8221;120&#215;120&#8243; alignment=&#8221;center&#8221; css_animation=&#8221;none&#8221; css=&#8221;.vc_custom_1521552020323{margin-bottom: -10px !important;}&#8221;][vc_column_text]\n<h3 style=\"text-align: center;\"><span style=\"color: #d33741;\">Meilleures\u00a0 perspectives de rendement<\/span><\/h3>\n<p style=\"text-align: center;\">Vous profitez d\u2019une strat\u00e9gie de placement qui a fait ses preuves pour offrir les meilleures rendements \u00e0 chaque \u00e9tape du cycle \u00e9conomique.<\/p>\n[\/vc_column_text][\/vc_column][vc_column width=&#8221;1\/4&#8243; css=&#8221;.vc_custom_1521546967561{background-color: #f2f2f2 !important;border-radius: 3px !important;}&#8221;][vc_single_image image=&#8221;4236&#8243; img_size=&#8221;120&#215;120&#8243; alignment=&#8221;center&#8221; css=&#8221;.vc_custom_1521561908847{margin-bottom: -10px !important;}&#8221;][vc_column_text]\n<h3 style=\"text-align: center;\"><span style=\"color: #d33741;\">Retrait anticip\u00e9<\/span><\/h3>\n<p style=\"text-align: center;\">Vous pouvez retirer votre capital pour financer un logement \u00e0 usage propre, amortir indirectement votre hypoth\u00e8que ou devenir ind\u00e9pendant.<\/p>\n[\/vc_column_text][\/vc_column][\/vc_row][vc_row css=&#8221;.vc_custom_1521547056783{margin-top: 30px !important;margin-bottom: 30px !important;}&#8221;][vc_column][highlight_box style=&#8221;fade2&#8243; height=&#8221;80px&#8221; lineheight=&#8221;&#8221; url=&#8221;https:\/\/quanteviour.ch\/le-titre\/&#8221; textsize=&#8221;24px&#8221; text=&#8221;Les 3 strat\u00e9gies d\u2019investissement pour votre pr\u00e9voyance:<br \/>\nQuanteviour 20 \/ 40 \/ 60&#8243; clr=&#8221;#ffffff&#8221; bgclr=&#8221;#505050&#8243; hoverbg=&#8221;#c62132&#8243;][\/vc_column][\/vc_row][vc_row][vc_column][vc_tta_accordion style=&#8221;flat&#8221; gap=&#8221;10&#8243; active_section=&#8221;&#8221; no_fill=&#8221;true&#8221; el_class=&#8221;qtv-accordeon&#8221;][vc_tta_section title=&#8221;Le compte de libre passage Liberty&#8221; tab_id=&#8221;1521125511533-ec0204e5-0839&#8243;][vc_column_text]\n<p>Si vous suspendez votre activit\u00e9 professionnelle (s\u00e9jour \u00e0 l&#8217;\u00e9tranger, interruption du travail, formation continue, Ch\u00f4mage, garde des enfants).<\/p>\n<p>Si vous ne pouvez ou ne devez pas verser la totalit\u00e9 de votre avoir aupr\u00e8s de la caisse de pension \u00e0 l&#8217;institut de pr\u00e9voyance de votre nouvel employeur.<\/p>\n<p>Si vous entreprenez une activit\u00e9 ind\u00e9pendante et renoncez au versement imm\u00e9diat en esp\u00e8ces du capital de libre passage.<\/p>\n<p>Lors d&#8217;une diminution de salaire \u00e0 un montant inf\u00e9rieur au minimum soumis \u00e0 l&#8217;assurance.<\/p>\n<p>Lors d&#8217;un divorce, l&#8217;avoir du 2e pilier est par principe partag\u00e9. En cas de jugement de divorce ex\u00e9cutoire, la loi autorise le virement sur un compte de libre passage de la prestations de libre passage \u00e0 transmettre.[\/vc_column_text][\/vc_tta_section][vc_tta_section title=&#8221;Economies d\u2019imp\u00f4ts&#8221; tab_id=&#8221;1521125511552-3981f076-c651&#8243;][vc_column_text]Votre avoir de pr\u00e9voyance est exon\u00e9r\u00e9 de l\u2019imp\u00f4t sur la fortune pendant la dur\u00e9e de l\u2019investissement. Il sera cependant impos\u00e9 au moment du versement mais \u00e0 un taux r\u00e9duit et s\u00e9par\u00e9ment de vos autres revenus. Les produits des int\u00e9r\u00eats et du capital sont eux aussi non imposables jusqu\u2019au versement.[\/vc_column_text][\/vc_tta_section][vc_tta_section title=&#8221;Financez votre logement&#8221; tab_id=&#8221;1521468572228-209a77df-95bc&#8221;][vc_column_text]\n<p style=\"text-align: left;\">Vous pouvez retirer le capital de votre compte de libre passage pour acqu\u00e9rir un logement de r\u00e9sidence. Un versement anticip\u00e9 est possible tous les cinq ans. L\u2019avoir de pr\u00e9voyance peut \u00e9galement \u00eatre mis en gage. Vous pouvez utiliser votre avoir pour construire, acqu\u00e9rir ou r\u00e9nover un logement \u00e0 usage propre ainsi que pour participer \u00e0 un logement en propri\u00e9t\u00e9. Ce capital peut aussi vous servir \u00e0 rembourser des pr\u00eats hypoth\u00e9caires. La loi exclut le financement de maisons de vacances et de r\u00e9sidences secondaires.<\/p>\n[\/vc_column_text][\/vc_tta_section][vc_tta_section title=&#8221;Retrait anticip\u00e9&#8221; tab_id=&#8221;1521468231108-a14e14f2-ba13&#8243;][vc_column_text]\n<p style=\"text-align: left;\">Vous pouvez retirer votre capital au plus t\u00f4t cinq ans avant et au plus tard cinq ans apr\u00e8s l\u2019\u00e2ge l\u00e9gal AVS. Un versement anticip\u00e9 est cependant possible dans les cas suivants\u00a0:<\/p>\n<ul style=\"list-style-type: square;\">\n<li><span style=\"color: #333333;\">si vous utilisez l\u2019avoir de pr\u00e9voyance pour financer un logement \u00e0 usage propre,<\/span><\/li>\n<li><span style=\"color: #333333;\">si vous quittez d\u00e9finitivement la Suisse (restrictions pour les pays de l\u2019UE, l\u2019Islande, le Liechtenstein et la Norv\u00e8ge);<\/span><\/li>\n<li><span style=\"color: #333333;\">si vous envisagez de vous mettre \u00e0 votre compte,<\/span><\/li>\n<li><span style=\"color: #333333;\">si vous percevez une rente d\u2019invalidit\u00e9 compl\u00e8te,<\/span><\/li>\n<li><span style=\"color: #333333;\">si votre avoir de libre passage est inf\u00e9rieur \u00e0 votre cotisation annuelle actuelle \u00e0 la pr\u00e9voyance professionnelle;<\/span><\/li>\n<li><span style=\"color: #333333;\">aux b\u00e9n\u00e9ficiaires en cas de d\u00e9c\u00e8s du preneur de pr\u00e9voyance.<\/span><\/li>\n<\/ul>\n[\/vc_column_text][\/vc_tta_section][\/vc_tta_accordion][\/vc_column][\/vc_row][vc_row][vc_column][vc_column_text css=&#8221;.vc_custom_1528114215118{margin-top: 0px !important;margin-right: 0px !important;margin-bottom: 5px !important;margin-left: 0px !important;}&#8221;]\n<p style=\"text-align: center;\">En collaboration avec la Fondation de pr\u00e9voyance Liberty<\/p>\n[\/vc_column_text][vc_single_image image=&#8221;4349&#8243; img_size=&#8221;180&#215;45&#8243; alignment=&#8221;center&#8221; onclick=&#8221;custom_link&#8221; img_link_target=&#8221;_blank&#8221; link=&#8221;http:\/\/www.liberty-vorsorge.ch\/fr\/fondation-libre-passage\/accueil\/&#8221;][\/vc_column][\/vc_row]\n<\/section>","protected":false},"excerpt":{"rendered":"<p>[vc_row][vc_column][vc_column_text el_class=&#8221;chapeau&#8221; css=&#8221;.vc_custom_1521754399005{margin-bottom: 0px !important;}&#8221;]Gr\u00e2ce \u00e0 la collaboration entre Liberty Fondation de libre passage et la soci\u00e9t\u00e9 Quanteviour SA vous &#8230; <\/p>\n<p class=\"read-more-container\"><a title=\"Votre compte de libre passage Liberty\" class=\"read-more button\" href=\"https:\/\/quanteviour.ch\/en\/compte-de-libre-passage\/#more-4462\" aria-label=\"More on Votre compte de libre passage Liberty\">Read more<\/a><\/p>\n","protected":false},"author":1,"featured_media":4409,"parent":0,"menu_order":0,"comment_status":"closed","ping_status":"closed","template":"","meta":{"inline_featured_image":false},"acf":[],"yoast_head":"<!-- This site is optimized with the Yoast SEO plugin v20.11 - https:\/\/yoast.com\/wordpress\/plugins\/seo\/ -->\n<title>Votre compte de libre passage Liberty - Quanteviour<\/title>\n<meta name=\"robots\" content=\"index, follow, max-snippet:-1, max-image-preview:large, max-video-preview:-1\" \/>\n<link rel=\"canonical\" href=\"https:\/\/quanteviour.ch\/en\/compte-de-libre-passage\/\" \/>\n<meta property=\"og:locale\" content=\"en_US\" \/>\n<meta property=\"og:type\" content=\"article\" \/>\n<meta property=\"og:title\" content=\"Votre compte de libre passage Liberty - Quanteviour\" \/>\n<meta property=\"og:description\" content=\"[vc_row][vc_column][vc_column_text el_class=&#8221;chapeau&#8221; css=&#8221;.vc_custom_1521754399005{margin-bottom: 0px !important;}&#8221;]Gr\u00e2ce \u00e0 la collaboration entre Liberty Fondation de libre passage et la soci\u00e9t\u00e9 Quanteviour SA vous ... Read more\" \/>\n<meta property=\"og:url\" content=\"https:\/\/quanteviour.ch\/en\/compte-de-libre-passage\/\" \/>\n<meta property=\"og:site_name\" content=\"Quanteviour\" \/>\n<meta property=\"article:modified_time\" content=\"2019-12-09T16:22:10+00:00\" \/>\n<meta property=\"og:image\" content=\"https:\/\/quanteviour.ch\/wp-content\/uploads\/2018\/04\/QV_header_prevoyance_libre_passage.jpg\" \/>\n\t<meta property=\"og:image:width\" content=\"880\" \/>\n\t<meta property=\"og:image:height\" content=\"320\" \/>\n\t<meta property=\"og:image:type\" content=\"image\/jpeg\" \/>\n<meta name=\"twitter:label1\" content=\"Est. reading time\" \/>\n\t<meta name=\"twitter:data1\" content=\"5 minutes\" \/>\n<script type=\"application\/ld+json\" class=\"yoast-schema-graph\">{\"@context\":\"https:\/\/schema.org\",\"@graph\":[{\"@type\":\"WebPage\",\"@id\":\"https:\/\/quanteviour.ch\/en\/compte-de-libre-passage\/\",\"url\":\"https:\/\/quanteviour.ch\/en\/compte-de-libre-passage\/\",\"name\":\"Votre compte de libre passage Liberty - Quanteviour\",\"isPartOf\":{\"@id\":\"https:\/\/quanteviour.ch\/en\/#website\"},\"datePublished\":\"2018-03-14T14:14:24+00:00\",\"dateModified\":\"2019-12-09T16:22:10+00:00\",\"breadcrumb\":{\"@id\":\"https:\/\/quanteviour.ch\/en\/compte-de-libre-passage\/#breadcrumb\"},\"inLanguage\":\"en-US\",\"potentialAction\":[{\"@type\":\"ReadAction\",\"target\":[\"https:\/\/quanteviour.ch\/en\/compte-de-libre-passage\/\"]}]},{\"@type\":\"BreadcrumbList\",\"@id\":\"https:\/\/quanteviour.ch\/en\/compte-de-libre-passage\/#breadcrumb\",\"itemListElement\":[{\"@type\":\"ListItem\",\"position\":1,\"name\":\"Home\",\"item\":\"https:\/\/quanteviour.ch\/en\/\"},{\"@type\":\"ListItem\",\"position\":2,\"name\":\"Votre compte de libre passage Liberty\"}]},{\"@type\":\"WebSite\",\"@id\":\"https:\/\/quanteviour.ch\/en\/#website\",\"url\":\"https:\/\/quanteviour.ch\/en\/\",\"name\":\"Quanteviour\",\"description\":\"Financial strategy &amp; timing\",\"publisher\":{\"@id\":\"https:\/\/quanteviour.ch\/en\/#organization\"},\"potentialAction\":[{\"@type\":\"SearchAction\",\"target\":{\"@type\":\"EntryPoint\",\"urlTemplate\":\"https:\/\/quanteviour.ch\/en\/?s={search_term_string}\"},\"query-input\":\"required name=search_term_string\"}],\"inLanguage\":\"en-US\"},{\"@type\":\"Organization\",\"@id\":\"https:\/\/quanteviour.ch\/en\/#organization\",\"name\":\"Quanteviour SA\",\"url\":\"https:\/\/quanteviour.ch\/en\/\",\"logo\":{\"@type\":\"ImageObject\",\"inLanguage\":\"en-US\",\"@id\":\"https:\/\/quanteviour.ch\/en\/#\/schema\/logo\/image\/\",\"url\":\"https:\/\/quanteviour.ch\/wp-content\/uploads\/2013\/10\/Quanteviour-e1409828740964.png\",\"contentUrl\":\"https:\/\/quanteviour.ch\/wp-content\/uploads\/2013\/10\/Quanteviour-e1409828740964.png\",\"width\":283,\"height\":142,\"caption\":\"Quanteviour SA\"},\"image\":{\"@id\":\"https:\/\/quanteviour.ch\/en\/#\/schema\/logo\/image\/\"}}]}<\/script>\n<!-- \/ Yoast SEO plugin. -->","yoast_head_json":{"title":"Votre compte de libre passage Liberty - Quanteviour","robots":{"index":"index","follow":"follow","max-snippet":"max-snippet:-1","max-image-preview":"max-image-preview:large","max-video-preview":"max-video-preview:-1"},"canonical":"https:\/\/quanteviour.ch\/en\/compte-de-libre-passage\/","og_locale":"en_US","og_type":"article","og_title":"Votre compte de libre passage Liberty - Quanteviour","og_description":"[vc_row][vc_column][vc_column_text el_class=&#8221;chapeau&#8221; css=&#8221;.vc_custom_1521754399005{margin-bottom: 0px !important;}&#8221;]Gr\u00e2ce \u00e0 la collaboration entre Liberty Fondation de libre passage et la soci\u00e9t\u00e9 Quanteviour SA vous ... Read more","og_url":"https:\/\/quanteviour.ch\/en\/compte-de-libre-passage\/","og_site_name":"Quanteviour","article_modified_time":"2019-12-09T16:22:10+00:00","og_image":[{"width":880,"height":320,"url":"https:\/\/quanteviour.ch\/wp-content\/uploads\/2018\/04\/QV_header_prevoyance_libre_passage.jpg","type":"image\/jpeg"}],"twitter_misc":{"Est. reading time":"5 minutes"},"schema":{"@context":"https:\/\/schema.org","@graph":[{"@type":"WebPage","@id":"https:\/\/quanteviour.ch\/en\/compte-de-libre-passage\/","url":"https:\/\/quanteviour.ch\/en\/compte-de-libre-passage\/","name":"Votre compte de libre passage Liberty - Quanteviour","isPartOf":{"@id":"https:\/\/quanteviour.ch\/en\/#website"},"datePublished":"2018-03-14T14:14:24+00:00","dateModified":"2019-12-09T16:22:10+00:00","breadcrumb":{"@id":"https:\/\/quanteviour.ch\/en\/compte-de-libre-passage\/#breadcrumb"},"inLanguage":"en-US","potentialAction":[{"@type":"ReadAction","target":["https:\/\/quanteviour.ch\/en\/compte-de-libre-passage\/"]}]},{"@type":"BreadcrumbList","@id":"https:\/\/quanteviour.ch\/en\/compte-de-libre-passage\/#breadcrumb","itemListElement":[{"@type":"ListItem","position":1,"name":"Home","item":"https:\/\/quanteviour.ch\/en\/"},{"@type":"ListItem","position":2,"name":"Votre compte de libre passage Liberty"}]},{"@type":"WebSite","@id":"https:\/\/quanteviour.ch\/en\/#website","url":"https:\/\/quanteviour.ch\/en\/","name":"Quanteviour","description":"Financial strategy &amp; timing","publisher":{"@id":"https:\/\/quanteviour.ch\/en\/#organization"},"potentialAction":[{"@type":"SearchAction","target":{"@type":"EntryPoint","urlTemplate":"https:\/\/quanteviour.ch\/en\/?s={search_term_string}"},"query-input":"required name=search_term_string"}],"inLanguage":"en-US"},{"@type":"Organization","@id":"https:\/\/quanteviour.ch\/en\/#organization","name":"Quanteviour SA","url":"https:\/\/quanteviour.ch\/en\/","logo":{"@type":"ImageObject","inLanguage":"en-US","@id":"https:\/\/quanteviour.ch\/en\/#\/schema\/logo\/image\/","url":"https:\/\/quanteviour.ch\/wp-content\/uploads\/2013\/10\/Quanteviour-e1409828740964.png","contentUrl":"https:\/\/quanteviour.ch\/wp-content\/uploads\/2013\/10\/Quanteviour-e1409828740964.png","width":283,"height":142,"caption":"Quanteviour SA"},"image":{"@id":"https:\/\/quanteviour.ch\/en\/#\/schema\/logo\/image\/"}}]}},"_links":{"self":[{"href":"https:\/\/quanteviour.ch\/en\/wp-json\/wp\/v2\/pages\/4462"}],"collection":[{"href":"https:\/\/quanteviour.ch\/en\/wp-json\/wp\/v2\/pages"}],"about":[{"href":"https:\/\/quanteviour.ch\/en\/wp-json\/wp\/v2\/types\/page"}],"author":[{"embeddable":true,"href":"https:\/\/quanteviour.ch\/en\/wp-json\/wp\/v2\/users\/1"}],"replies":[{"embeddable":true,"href":"https:\/\/quanteviour.ch\/en\/wp-json\/wp\/v2\/comments?post=4462"}],"version-history":[{"count":3,"href":"https:\/\/quanteviour.ch\/en\/wp-json\/wp\/v2\/pages\/4462\/revisions"}],"predecessor-version":[{"id":5489,"href":"https:\/\/quanteviour.ch\/en\/wp-json\/wp\/v2\/pages\/4462\/revisions\/5489"}],"wp:featuredmedia":[{"embeddable":true,"href":"https:\/\/quanteviour.ch\/en\/wp-json\/wp\/v2\/media\/4409"}],"wp:attachment":[{"href":"https:\/\/quanteviour.ch\/en\/wp-json\/wp\/v2\/media?parent=4462"}],"curies":[{"name":"wp","href":"https:\/\/api.w.org\/{rel}","templated":true}]}}