{"id":4458,"date":"2018-05-07T16:00:35","date_gmt":"2018-05-07T15:00:35","guid":{"rendered":"https:\/\/quanteviour.ch\/en\/calculez-rapidement-et-facilement-vos-avantages-fiscaux\/"},"modified":"2019-12-09T17:04:01","modified_gmt":"2019-12-09T16:04:01","slug":"calculez-votre-rendement","status":"publish","type":"page","link":"https:\/\/quanteviour.ch\/en\/calculez-votre-rendement\/","title":{"rendered":"Calculez le rendement de votre plan de pr\u00e9voyance"},"content":{"rendered":"<p>Avec le compte de pr\u00e9voyance Quanteviour Liberty 3a, vous <strong>constituez une \u00e9pargne d\u00e9fiscalis\u00e9e, tout en profitant de l&#8217;\u00e9volution des march\u00e9s financiers<\/strong>. Gr\u00e2ce \u00e0 un\u00a0savoir-faire unique en mati\u00e8re de finance comportementale, Quanteviour vous permet d&#8217;allier performances et s\u00e9curit\u00e9 pour vos avoirs, dans un cadre tarifaire avantageux. Evaluez maintenant votre <strong>gain \u00e9conomique<\/strong> et votre <strong>capital retraite<\/strong> gr\u00e2ce \u00e0 notre calculateur.<\/p>\n","protected":false},"excerpt":{"rendered":"<p>Avec le compte de pr\u00e9voyance Quanteviour Liberty 3a, vous constituez une \u00e9pargne d\u00e9fiscalis\u00e9e, tout en profitant de l&#8217;\u00e9volution des march\u00e9s &#8230; <\/p>\n<p class=\"read-more-container\"><a title=\"Calculez le rendement de votre plan de pr\u00e9voyance\" class=\"read-more button\" href=\"https:\/\/quanteviour.ch\/en\/calculez-votre-rendement\/#more-4458\" aria-label=\"More on Calculez le rendement de votre plan de pr\u00e9voyance\">Read more<\/a><\/p>\n","protected":false},"author":1,"featured_media":4444,"parent":0,"menu_order":0,"comment_status":"closed","ping_status":"closed","template":"page-simulationfr.php","meta":{"inline_featured_image":false},"acf":[],"yoast_head":"<!-- This site is optimized with the Yoast SEO plugin v20.11 - https:\/\/yoast.com\/wordpress\/plugins\/seo\/ -->\n<title>Calculez le rendement de votre plan de pr\u00e9voyance - Quanteviour<\/title>\n<meta name=\"robots\" content=\"index, follow, max-snippet:-1, max-image-preview:large, max-video-preview:-1\" \/>\n<link rel=\"canonical\" href=\"https:\/\/quanteviour.ch\/en\/calculez-votre-rendement\/\" \/>\n<meta property=\"og:locale\" content=\"en_US\" \/>\n<meta property=\"og:type\" content=\"article\" \/>\n<meta property=\"og:title\" content=\"Calculez le rendement de votre plan de pr\u00e9voyance - Quanteviour\" \/>\n<meta property=\"og:description\" content=\"Avec le compte de pr\u00e9voyance Quanteviour Liberty 3a, vous constituez une \u00e9pargne d\u00e9fiscalis\u00e9e, tout en profitant de l&#8217;\u00e9volution des march\u00e9s ... Read more\" \/>\n<meta property=\"og:url\" content=\"https:\/\/quanteviour.ch\/en\/calculez-votre-rendement\/\" \/>\n<meta property=\"og:site_name\" content=\"Quanteviour\" \/>\n<meta property=\"article:modified_time\" content=\"2019-12-09T16:04:01+00:00\" \/>\n<meta property=\"og:image\" content=\"https:\/\/quanteviour.ch\/wp-content\/uploads\/2018\/05\/QV_header_prevoyance_calculateur.jpg\" \/>\n\t<meta property=\"og:image:width\" content=\"880\" \/>\n\t<meta property=\"og:image:height\" content=\"320\" \/>\n\t<meta property=\"og:image:type\" content=\"image\/jpeg\" \/>\n<script type=\"application\/ld+json\" class=\"yoast-schema-graph\">{\"@context\":\"https:\/\/schema.org\",\"@graph\":[{\"@type\":\"WebPage\",\"@id\":\"https:\/\/quanteviour.ch\/en\/calculez-votre-rendement\/\",\"url\":\"https:\/\/quanteviour.ch\/en\/calculez-votre-rendement\/\",\"name\":\"Calculez le rendement de votre plan de pr\u00e9voyance - Quanteviour\",\"isPartOf\":{\"@id\":\"https:\/\/quanteviour.ch\/en\/#website\"},\"datePublished\":\"2018-05-07T15:00:35+00:00\",\"dateModified\":\"2019-12-09T16:04:01+00:00\",\"breadcrumb\":{\"@id\":\"https:\/\/quanteviour.ch\/en\/calculez-votre-rendement\/#breadcrumb\"},\"inLanguage\":\"en-US\",\"potentialAction\":[{\"@type\":\"ReadAction\",\"target\":[\"https:\/\/quanteviour.ch\/en\/calculez-votre-rendement\/\"]}]},{\"@type\":\"BreadcrumbList\",\"@id\":\"https:\/\/quanteviour.ch\/en\/calculez-votre-rendement\/#breadcrumb\",\"itemListElement\":[{\"@type\":\"ListItem\",\"position\":1,\"name\":\"Home\",\"item\":\"https:\/\/quanteviour.ch\/en\/\"},{\"@type\":\"ListItem\",\"position\":2,\"name\":\"Calculez le rendement de votre plan de pr\u00e9voyance\"}]},{\"@type\":\"WebSite\",\"@id\":\"https:\/\/quanteviour.ch\/en\/#website\",\"url\":\"https:\/\/quanteviour.ch\/en\/\",\"name\":\"Quanteviour\",\"description\":\"Financial strategy &amp; timing\",\"publisher\":{\"@id\":\"https:\/\/quanteviour.ch\/en\/#organization\"},\"potentialAction\":[{\"@type\":\"SearchAction\",\"target\":{\"@type\":\"EntryPoint\",\"urlTemplate\":\"https:\/\/quanteviour.ch\/en\/?s={search_term_string}\"},\"query-input\":\"required name=search_term_string\"}],\"inLanguage\":\"en-US\"},{\"@type\":\"Organization\",\"@id\":\"https:\/\/quanteviour.ch\/en\/#organization\",\"name\":\"Quanteviour SA\",\"url\":\"https:\/\/quanteviour.ch\/en\/\",\"logo\":{\"@type\":\"ImageObject\",\"inLanguage\":\"en-US\",\"@id\":\"https:\/\/quanteviour.ch\/en\/#\/schema\/logo\/image\/\",\"url\":\"https:\/\/quanteviour.ch\/wp-content\/uploads\/2013\/10\/Quanteviour-e1409828740964.png\",\"contentUrl\":\"https:\/\/quanteviour.ch\/wp-content\/uploads\/2013\/10\/Quanteviour-e1409828740964.png\",\"width\":283,\"height\":142,\"caption\":\"Quanteviour SA\"},\"image\":{\"@id\":\"https:\/\/quanteviour.ch\/en\/#\/schema\/logo\/image\/\"}}]}<\/script>\n<!-- \/ Yoast SEO plugin. -->","yoast_head_json":{"title":"Calculez le rendement de votre plan de pr\u00e9voyance - Quanteviour","robots":{"index":"index","follow":"follow","max-snippet":"max-snippet:-1","max-image-preview":"max-image-preview:large","max-video-preview":"max-video-preview:-1"},"canonical":"https:\/\/quanteviour.ch\/en\/calculez-votre-rendement\/","og_locale":"en_US","og_type":"article","og_title":"Calculez le rendement de votre plan de pr\u00e9voyance - Quanteviour","og_description":"Avec le compte de pr\u00e9voyance Quanteviour Liberty 3a, vous constituez une \u00e9pargne d\u00e9fiscalis\u00e9e, tout en profitant de l&#8217;\u00e9volution des march\u00e9s ... Read more","og_url":"https:\/\/quanteviour.ch\/en\/calculez-votre-rendement\/","og_site_name":"Quanteviour","article_modified_time":"2019-12-09T16:04:01+00:00","og_image":[{"width":880,"height":320,"url":"https:\/\/quanteviour.ch\/wp-content\/uploads\/2018\/05\/QV_header_prevoyance_calculateur.jpg","type":"image\/jpeg"}],"schema":{"@context":"https:\/\/schema.org","@graph":[{"@type":"WebPage","@id":"https:\/\/quanteviour.ch\/en\/calculez-votre-rendement\/","url":"https:\/\/quanteviour.ch\/en\/calculez-votre-rendement\/","name":"Calculez le rendement de votre plan de pr\u00e9voyance - Quanteviour","isPartOf":{"@id":"https:\/\/quanteviour.ch\/en\/#website"},"datePublished":"2018-05-07T15:00:35+00:00","dateModified":"2019-12-09T16:04:01+00:00","breadcrumb":{"@id":"https:\/\/quanteviour.ch\/en\/calculez-votre-rendement\/#breadcrumb"},"inLanguage":"en-US","potentialAction":[{"@type":"ReadAction","target":["https:\/\/quanteviour.ch\/en\/calculez-votre-rendement\/"]}]},{"@type":"BreadcrumbList","@id":"https:\/\/quanteviour.ch\/en\/calculez-votre-rendement\/#breadcrumb","itemListElement":[{"@type":"ListItem","position":1,"name":"Home","item":"https:\/\/quanteviour.ch\/en\/"},{"@type":"ListItem","position":2,"name":"Calculez le rendement de votre plan de pr\u00e9voyance"}]},{"@type":"WebSite","@id":"https:\/\/quanteviour.ch\/en\/#website","url":"https:\/\/quanteviour.ch\/en\/","name":"Quanteviour","description":"Financial strategy &amp; timing","publisher":{"@id":"https:\/\/quanteviour.ch\/en\/#organization"},"potentialAction":[{"@type":"SearchAction","target":{"@type":"EntryPoint","urlTemplate":"https:\/\/quanteviour.ch\/en\/?s={search_term_string}"},"query-input":"required name=search_term_string"}],"inLanguage":"en-US"},{"@type":"Organization","@id":"https:\/\/quanteviour.ch\/en\/#organization","name":"Quanteviour SA","url":"https:\/\/quanteviour.ch\/en\/","logo":{"@type":"ImageObject","inLanguage":"en-US","@id":"https:\/\/quanteviour.ch\/en\/#\/schema\/logo\/image\/","url":"https:\/\/quanteviour.ch\/wp-content\/uploads\/2013\/10\/Quanteviour-e1409828740964.png","contentUrl":"https:\/\/quanteviour.ch\/wp-content\/uploads\/2013\/10\/Quanteviour-e1409828740964.png","width":283,"height":142,"caption":"Quanteviour SA"},"image":{"@id":"https:\/\/quanteviour.ch\/en\/#\/schema\/logo\/image\/"}}]}},"_links":{"self":[{"href":"https:\/\/quanteviour.ch\/en\/wp-json\/wp\/v2\/pages\/4458"}],"collection":[{"href":"https:\/\/quanteviour.ch\/en\/wp-json\/wp\/v2\/pages"}],"about":[{"href":"https:\/\/quanteviour.ch\/en\/wp-json\/wp\/v2\/types\/page"}],"author":[{"embeddable":true,"href":"https:\/\/quanteviour.ch\/en\/wp-json\/wp\/v2\/users\/1"}],"replies":[{"embeddable":true,"href":"https:\/\/quanteviour.ch\/en\/wp-json\/wp\/v2\/comments?post=4458"}],"version-history":[{"count":2,"href":"https:\/\/quanteviour.ch\/en\/wp-json\/wp\/v2\/pages\/4458\/revisions"}],"predecessor-version":[{"id":4467,"href":"https:\/\/quanteviour.ch\/en\/wp-json\/wp\/v2\/pages\/4458\/revisions\/4467"}],"wp:featuredmedia":[{"embeddable":true,"href":"https:\/\/quanteviour.ch\/en\/wp-json\/wp\/v2\/media\/4444"}],"wp:attachment":[{"href":"https:\/\/quanteviour.ch\/en\/wp-json\/wp\/v2\/media?parent=4458"}],"curies":[{"name":"wp","href":"https:\/\/api.w.org\/{rel}","templated":true}]}}