{"id":33,"date":"2013-10-20T14:23:32","date_gmt":"2013-10-20T13:23:32","guid":{"rendered":"https:\/\/quanteviour.ch\/?page_id=33"},"modified":"2019-12-09T17:16:51","modified_gmt":"2019-12-09T16:16:51","slug":"our-services","status":"publish","type":"page","link":"https:\/\/quanteviour.ch\/en\/our-services\/","title":{"rendered":"Our Analysis"},"content":{"rendered":"<section class=\"wpb-content-wrapper\">[vc_row][vc_column][vc_column_text]Through over 25 years experience, we developed with\u00a0<strong>Quanteviour<\/strong>\u00a0unique skills in portfolio management.<\/p>\n<p>Towards our clients, we favour what is the foundation of our profession:<\/p>\n<ul>\n<li>qualified advice based on thorough analysis methods<\/li>\n<li>directly useful and practicable advise<\/li>\n<\/ul>\n<p>In order to make the best possible decision, our skills are specifically based upon a double necessity:<\/p>\n<ul>\n<li><strong>fundamentals analysis<\/strong><\/li>\n<li><strong>behavioural analysis of investors<\/strong><\/li>\n<\/ul>\n<h4>\u00a0THE PROCESS<\/h4>\n[\/vc_column_text][vc_single_image image=&#8221;1045&#8243; img_size=&#8221;full&#8221; alignment=&#8221;center&#8221; css=&#8221;.vc_custom_1572363310187{padding-top: 30px !important;padding-right: 30px !important;padding-bottom: 30px !important;padding-left: 30px !important;background-color: #ffffff !important;}&#8221;][vc_column_text]\n<h4>\u00a0GOOD VALUE OF ADVICE<\/h4>\n<p>It\u2019s the relevant and practical piece of information the investor is waiting for and which he won\u2019t find anywhere else.<br \/>\nQuanteviour focuses on that requirement and has made it its ambition:<\/p>\n<ul>\n<li>providing strategy and timing that enables to adapt in time to the environment<\/li>\n<li>profit from financial trends which are generated by psychology.<\/li>\n<\/ul>\n<p>Our clients confirm every day they have made the right choice.<br \/>\nFor further information about our services and their conditions, please do not hesitate\u00a0<a title=\"Contact\" href=\"https:\/\/quanteviour.ch\/en\/contact-2\/\" target=\"_blank\" rel=\"noopener noreferrer\"><strong>to contact us<\/strong><\/a>.<\/p>\n<h3>The Quanteviour Pack<\/h3>\n<p>Our offer is based on 2\u00a0 categories of services.<br \/>\nEach of them is intended to different types of investors, needs and time horizons.<\/p>\n<ol>\n<li><strong>\u00a0<a title=\"Basic subscription plans\" href=\"https:\/\/quanteviour.ch\/en\/our-services\/abonnement-global-base\/\" target=\"_blank\" rel=\"noopener noreferrer\">Basic subscription plans<\/a><\/strong><\/li>\n<li><strong>\u00a0<a title=\"Taylor made Analysis services\" href=\"https:\/\/quanteviour.ch\/en\/our-services\/prestations-danalyse-carte\/\" target=\"_blank\" rel=\"noopener noreferrer\">Taylor made analysis services<\/a><\/strong><\/li>\n<\/ol>\n[\/vc_column_text][\/vc_column][\/vc_row]\n<\/section>","protected":false},"excerpt":{"rendered":"<p>[vc_row][vc_column][vc_column_text]Through over 25 years experience, we developed with\u00a0Quanteviour\u00a0unique skills in portfolio management. Towards our clients, we favour what is the &#8230; <\/p>\n<p class=\"read-more-container\"><a title=\"Our Analysis\" class=\"read-more button\" href=\"https:\/\/quanteviour.ch\/en\/our-services\/#more-33\" aria-label=\"More on Our Analysis\">Read more<\/a><\/p>\n","protected":false},"author":1,"featured_media":169,"parent":0,"menu_order":0,"comment_status":"closed","ping_status":"closed","template":"","meta":{"inline_featured_image":false},"acf":[],"yoast_head":"<!-- This site is optimized with the Yoast SEO plugin v20.11 - https:\/\/yoast.com\/wordpress\/plugins\/seo\/ -->\n<title>Our Analysis - Quanteviour<\/title>\n<meta name=\"description\" content=\"Fournir la strat\u00e9gie et le timing permettant d&#039;adapter \u00e0 temps un portefeuille d\u2019investissements financiers. Tirer profit des trends financiers g\u00e9n\u00e9r\u00e9s par l&#039;environnement psychologique.\" \/>\n<meta name=\"robots\" content=\"index, follow, max-snippet:-1, max-image-preview:large, max-video-preview:-1\" \/>\n<link rel=\"canonical\" href=\"https:\/\/quanteviour.ch\/en\/our-services\/\" \/>\n<meta property=\"og:locale\" content=\"en_US\" \/>\n<meta property=\"og:type\" content=\"article\" \/>\n<meta property=\"og:title\" content=\"Our Analysis - Quanteviour\" \/>\n<meta property=\"og:description\" content=\"Fournir la strat\u00e9gie et le timing permettant d&#039;adapter \u00e0 temps un portefeuille d\u2019investissements financiers. Tirer profit des trends financiers g\u00e9n\u00e9r\u00e9s par l&#039;environnement psychologique.\" \/>\n<meta property=\"og:url\" content=\"https:\/\/quanteviour.ch\/en\/our-services\/\" \/>\n<meta property=\"og:site_name\" content=\"Quanteviour\" \/>\n<meta property=\"article:modified_time\" content=\"2019-12-09T16:16:51+00:00\" \/>\n<meta property=\"og:image\" content=\"https:\/\/quanteviour.ch\/wp-content\/uploads\/2013\/10\/image005.jpg\" \/>\n\t<meta property=\"og:image:width\" content=\"880\" \/>\n\t<meta property=\"og:image:height\" content=\"320\" \/>\n\t<meta property=\"og:image:type\" content=\"image\/jpeg\" \/>\n<meta name=\"twitter:label1\" content=\"Est. reading time\" \/>\n\t<meta name=\"twitter:data1\" content=\"1 minute\" \/>\n<script type=\"application\/ld+json\" class=\"yoast-schema-graph\">{\"@context\":\"https:\/\/schema.org\",\"@graph\":[{\"@type\":\"WebPage\",\"@id\":\"https:\/\/quanteviour.ch\/en\/our-services\/\",\"url\":\"https:\/\/quanteviour.ch\/en\/our-services\/\",\"name\":\"Our Analysis - Quanteviour\",\"isPartOf\":{\"@id\":\"https:\/\/quanteviour.ch\/en\/#website\"},\"datePublished\":\"2013-10-20T13:23:32+00:00\",\"dateModified\":\"2019-12-09T16:16:51+00:00\",\"description\":\"Fournir la strat\u00e9gie et le timing permettant d'adapter \u00e0 temps un portefeuille d\u2019investissements financiers. Tirer profit des trends financiers g\u00e9n\u00e9r\u00e9s par l'environnement psychologique.\",\"breadcrumb\":{\"@id\":\"https:\/\/quanteviour.ch\/en\/our-services\/#breadcrumb\"},\"inLanguage\":\"en-US\",\"potentialAction\":[{\"@type\":\"ReadAction\",\"target\":[\"https:\/\/quanteviour.ch\/en\/our-services\/\"]}]},{\"@type\":\"BreadcrumbList\",\"@id\":\"https:\/\/quanteviour.ch\/en\/our-services\/#breadcrumb\",\"itemListElement\":[{\"@type\":\"ListItem\",\"position\":1,\"name\":\"Home\",\"item\":\"https:\/\/quanteviour.ch\/en\/\"},{\"@type\":\"ListItem\",\"position\":2,\"name\":\"Our Analysis\"}]},{\"@type\":\"WebSite\",\"@id\":\"https:\/\/quanteviour.ch\/en\/#website\",\"url\":\"https:\/\/quanteviour.ch\/en\/\",\"name\":\"Quanteviour\",\"description\":\"Financial strategy &amp; timing\",\"publisher\":{\"@id\":\"https:\/\/quanteviour.ch\/en\/#organization\"},\"potentialAction\":[{\"@type\":\"SearchAction\",\"target\":{\"@type\":\"EntryPoint\",\"urlTemplate\":\"https:\/\/quanteviour.ch\/en\/?s={search_term_string}\"},\"query-input\":\"required name=search_term_string\"}],\"inLanguage\":\"en-US\"},{\"@type\":\"Organization\",\"@id\":\"https:\/\/quanteviour.ch\/en\/#organization\",\"name\":\"Quanteviour SA\",\"url\":\"https:\/\/quanteviour.ch\/en\/\",\"logo\":{\"@type\":\"ImageObject\",\"inLanguage\":\"en-US\",\"@id\":\"https:\/\/quanteviour.ch\/en\/#\/schema\/logo\/image\/\",\"url\":\"https:\/\/quanteviour.ch\/wp-content\/uploads\/2013\/10\/Quanteviour-e1409828740964.png\",\"contentUrl\":\"https:\/\/quanteviour.ch\/wp-content\/uploads\/2013\/10\/Quanteviour-e1409828740964.png\",\"width\":283,\"height\":142,\"caption\":\"Quanteviour SA\"},\"image\":{\"@id\":\"https:\/\/quanteviour.ch\/en\/#\/schema\/logo\/image\/\"}}]}<\/script>\n<!-- \/ Yoast SEO plugin. -->","yoast_head_json":{"title":"Our Analysis - Quanteviour","description":"Fournir la strat\u00e9gie et le timing permettant d'adapter \u00e0 temps un portefeuille d\u2019investissements financiers. Tirer profit des trends financiers g\u00e9n\u00e9r\u00e9s par l'environnement psychologique.","robots":{"index":"index","follow":"follow","max-snippet":"max-snippet:-1","max-image-preview":"max-image-preview:large","max-video-preview":"max-video-preview:-1"},"canonical":"https:\/\/quanteviour.ch\/en\/our-services\/","og_locale":"en_US","og_type":"article","og_title":"Our Analysis - Quanteviour","og_description":"Fournir la strat\u00e9gie et le timing permettant d'adapter \u00e0 temps un portefeuille d\u2019investissements financiers. Tirer profit des trends financiers g\u00e9n\u00e9r\u00e9s par l'environnement psychologique.","og_url":"https:\/\/quanteviour.ch\/en\/our-services\/","og_site_name":"Quanteviour","article_modified_time":"2019-12-09T16:16:51+00:00","og_image":[{"width":880,"height":320,"url":"https:\/\/quanteviour.ch\/wp-content\/uploads\/2013\/10\/image005.jpg","type":"image\/jpeg"}],"twitter_misc":{"Est. reading time":"1 minute"},"schema":{"@context":"https:\/\/schema.org","@graph":[{"@type":"WebPage","@id":"https:\/\/quanteviour.ch\/en\/our-services\/","url":"https:\/\/quanteviour.ch\/en\/our-services\/","name":"Our Analysis - Quanteviour","isPartOf":{"@id":"https:\/\/quanteviour.ch\/en\/#website"},"datePublished":"2013-10-20T13:23:32+00:00","dateModified":"2019-12-09T16:16:51+00:00","description":"Fournir la strat\u00e9gie et le timing permettant d'adapter \u00e0 temps un portefeuille d\u2019investissements financiers. Tirer profit des trends financiers g\u00e9n\u00e9r\u00e9s par l'environnement psychologique.","breadcrumb":{"@id":"https:\/\/quanteviour.ch\/en\/our-services\/#breadcrumb"},"inLanguage":"en-US","potentialAction":[{"@type":"ReadAction","target":["https:\/\/quanteviour.ch\/en\/our-services\/"]}]},{"@type":"BreadcrumbList","@id":"https:\/\/quanteviour.ch\/en\/our-services\/#breadcrumb","itemListElement":[{"@type":"ListItem","position":1,"name":"Home","item":"https:\/\/quanteviour.ch\/en\/"},{"@type":"ListItem","position":2,"name":"Our Analysis"}]},{"@type":"WebSite","@id":"https:\/\/quanteviour.ch\/en\/#website","url":"https:\/\/quanteviour.ch\/en\/","name":"Quanteviour","description":"Financial strategy &amp; timing","publisher":{"@id":"https:\/\/quanteviour.ch\/en\/#organization"},"potentialAction":[{"@type":"SearchAction","target":{"@type":"EntryPoint","urlTemplate":"https:\/\/quanteviour.ch\/en\/?s={search_term_string}"},"query-input":"required name=search_term_string"}],"inLanguage":"en-US"},{"@type":"Organization","@id":"https:\/\/quanteviour.ch\/en\/#organization","name":"Quanteviour SA","url":"https:\/\/quanteviour.ch\/en\/","logo":{"@type":"ImageObject","inLanguage":"en-US","@id":"https:\/\/quanteviour.ch\/en\/#\/schema\/logo\/image\/","url":"https:\/\/quanteviour.ch\/wp-content\/uploads\/2013\/10\/Quanteviour-e1409828740964.png","contentUrl":"https:\/\/quanteviour.ch\/wp-content\/uploads\/2013\/10\/Quanteviour-e1409828740964.png","width":283,"height":142,"caption":"Quanteviour SA"},"image":{"@id":"https:\/\/quanteviour.ch\/en\/#\/schema\/logo\/image\/"}}]}},"_links":{"self":[{"href":"https:\/\/quanteviour.ch\/en\/wp-json\/wp\/v2\/pages\/33"}],"collection":[{"href":"https:\/\/quanteviour.ch\/en\/wp-json\/wp\/v2\/pages"}],"about":[{"href":"https:\/\/quanteviour.ch\/en\/wp-json\/wp\/v2\/types\/page"}],"author":[{"embeddable":true,"href":"https:\/\/quanteviour.ch\/en\/wp-json\/wp\/v2\/users\/1"}],"replies":[{"embeddable":true,"href":"https:\/\/quanteviour.ch\/en\/wp-json\/wp\/v2\/comments?post=33"}],"version-history":[{"count":24,"href":"https:\/\/quanteviour.ch\/en\/wp-json\/wp\/v2\/pages\/33\/revisions"}],"predecessor-version":[{"id":5481,"href":"https:\/\/quanteviour.ch\/en\/wp-json\/wp\/v2\/pages\/33\/revisions\/5481"}],"wp:featuredmedia":[{"embeddable":true,"href":"https:\/\/quanteviour.ch\/en\/wp-json\/wp\/v2\/media\/169"}],"wp:attachment":[{"href":"https:\/\/quanteviour.ch\/en\/wp-json\/wp\/v2\/media?parent=33"}],"curies":[{"name":"wp","href":"https:\/\/api.w.org\/{rel}","templated":true}]}}